{"id":9309,"date":"2024-09-11T18:19:44","date_gmt":"2024-09-11T18:19:44","guid":{"rendered":"https:\/\/entedinastycoinclub.org\/?page_id=9309"},"modified":"2024-11-25T10:03:10","modified_gmt":"2024-11-25T10:03:10","slug":"api-docs","status":"publish","type":"page","link":"https:\/\/entedinastycoinclub.org\/en\/api-docs\/","title":{"rendered":"API Sviluppatori"},"content":{"rendered":"\t\t<div data-elementor-type=\"wp-page\" data-elementor-id=\"9309\" class=\"elementor elementor-9309\" data-elementor-post-type=\"page\">\n\t\t\t\t<div class=\"elementor-element elementor-element-bdd93de e-flex e-con-boxed e-con e-parent\" data-id=\"bdd93de\" data-element_type=\"container\" data-e-type=\"container\">\n\t\t\t\t\t<div class=\"e-con-inner\">\n\t\t<div class=\"elementor-element elementor-element-0da444f e-con-full e-flex e-con e-child\" data-id=\"0da444f\" data-element_type=\"container\" data-e-type=\"container\">\n\t\t\t\t<div class=\"elementor-element elementor-element-7b4aac3 elementor-widget__width-initial elementor-widget elementor-widget-image\" data-id=\"7b4aac3\" data-element_type=\"widget\" data-e-type=\"widget\" data-widget_type=\"image.default\">\n\t\t\t\t<div class=\"elementor-widget-container\">\n\t\t\t\t\t\t\t\t\t\t\t\t\t\t\t<img fetchpriority=\"high\" decoding=\"async\" width=\"930\" height=\"930\" src=\"https:\/\/entedinastycoinclub.org\/wp-content\/uploads\/2024\/09\/API.png\" class=\"attachment-large size-large wp-image-9319\" alt=\"\" \/>\t\t\t\t\t\t\t\t\t\t\t\t\t\t\t<\/div>\n\t\t\t\t<\/div>\n\t\t\t\t<\/div>\n\t\t<div class=\"elementor-element elementor-element-a6ee9e2 e-con-full e-flex e-con e-child\" data-id=\"a6ee9e2\" data-element_type=\"container\" data-e-type=\"container\">\n\t\t<div class=\"elementor-element elementor-element-daae82b e-con-full e-flex e-con e-child\" data-id=\"daae82b\" data-element_type=\"container\" data-e-type=\"container\">\n\t\t\t\t<div class=\"elementor-element elementor-element-1bea0f7 elementor-widget elementor-widget-heading\" data-id=\"1bea0f7\" data-element_type=\"widget\" data-e-type=\"widget\" data-widget_type=\"heading.default\">\n\t\t\t\t<div class=\"elementor-widget-container\">\n\t\t\t\t\t<h1 class=\"elementor-heading-title elementor-size-default\">API Sviluppatori<\/h1>\t\t\t\t<\/div>\n\t\t\t\t<\/div>\n\t\t\t\t<div class=\"elementor-element elementor-element-3061d7e elementor-widget elementor-widget-text-editor\" data-id=\"3061d7e\" data-element_type=\"widget\" data-e-type=\"widget\" data-widget_type=\"text-editor.default\">\n\t\t\t\t<div class=\"elementor-widget-container\">\n\t\t\t\t\t\t\t\t\t<p>Benvenuto nella documentazione API sviluppatori di\u00a0<a href=\"https:\/\/dinastycoin.club?ref=dinastycoinclub\" target=\"_blank\" rel=\"noopener\">Dinastycoin Club<\/a>. Qui troverai tutto il necessario per integrare le funzionalit\u00e0 del nostro sistema di pagamento basato su <a href=\"https:\/\/entedinastycoinclub.org\/ethic-voucher-multiuso-deflazionabile-scopri-come-funziona\/\">Ethic Voucher<\/a> nelle tue applicazioni. Le nostre API offrono soluzioni sicure, scalabili e facili da implementare per facilitare transazioni rapide e affidabili.<\/p><p>Consulta le nostre guide e i riferimenti tecnici per iniziare subito a utilizzare le API e portare il tuo business nel futuro dei pagamenti digita<\/p><p>Con le nostre api\u00a0<span style=\"letter-spacing: 0px; word-spacing: 0em;\">professionali\u00a0<\/span><span style=\"letter-spacing: 0px; word-spacing: 0em;\">puoi realizzare applicazioni web\u00a0 che gestiscono circuiti economici, marketplace, mercatino, societ\u00e0 no profit per raccolta fondi, gruppi di acquisto, interscambi con pi\u00f9 valute e molto altro.<\/span><\/p><p>Puoi sviluppare in php e realizzare applicazioni web professionali<span style=\"letter-spacing: 0px; word-spacing: 0em;\">\u00a0 o usare qualsiasi altro linguaggio di programmazione.<\/span><\/p>\t\t\t\t\t\t\t\t<\/div>\n\t\t\t\t<\/div>\n\t\t\t\t<\/div>\n\t\t\t\t<\/div>\n\t\t\t\t\t<\/div>\n\t\t\t\t<\/div>\n\t\t<div class=\"elementor-element elementor-element-c1b712c e-flex e-con-boxed e-con e-parent\" data-id=\"c1b712c\" data-element_type=\"container\" data-e-type=\"container\" data-settings=\"{&quot;background_background&quot;:&quot;classic&quot;}\">\n\t\t\t\t\t<div class=\"e-con-inner\">\n\t\t<div class=\"elementor-element elementor-element-a63a212 e-con-full e-flex e-con e-child\" data-id=\"a63a212\" data-element_type=\"container\" data-e-type=\"container\">\n\t\t<div class=\"elementor-element elementor-element-94469e9 e-con-full e-flex e-con e-child\" data-id=\"94469e9\" data-element_type=\"container\" data-e-type=\"container\">\n\t\t\t\t<div class=\"elementor-element elementor-element-4bab556 elementor-widget elementor-widget-heading\" data-id=\"4bab556\" data-element_type=\"widget\" data-e-type=\"widget\" data-widget_type=\"heading.default\">\n\t\t\t\t<div class=\"elementor-widget-container\">\n\t\t\t\t\t<h1 class=\"elementor-heading-title elementor-size-default\">Aumenta le Opportunit\u00e0 di Scambio e Acquisto<\/h1>\t\t\t\t<\/div>\n\t\t\t\t<\/div>\n\t\t\t\t<div class=\"elementor-element elementor-element-cfaa562 elementor-widget elementor-widget-text-editor\" data-id=\"cfaa562\" data-element_type=\"widget\" data-e-type=\"widget\" data-widget_type=\"text-editor.default\">\n\t\t\t\t<div class=\"elementor-widget-container\">\n\t\t\t\t\t\t\t\t\t<p>Gli sviluppatori e le comunit\u00e0 economiche che utilizzano o desiderano implementare una moneta complementare possono ora sfruttare le API di Dinastycoin Club.<\/p>\n<h5 class=\"elementor-heading-title elementor-size-default elementor-inline-editing pen\" contenteditable=\"true\" data-elementor-setting-key=\"title\" data-pen-placeholder=\"Digita qui...\">&nbsp;<\/h5>\n<p>Grazie a queste API, \u00e8 possibile utilizzare la nostra infrastruttura per creare una nuova moneta per la propria comunit\u00e0 o gestirne una gi\u00e0 esistente, aumentando le opportunit\u00e0 di acquisto e scambio con il nostro circuito all&#8217;interno del proprio, con la possibilit\u00e0 di convertire la valuta in criptovalute o euro.<\/p>\n<h5 class=\"elementor-heading-title elementor-size-default elementor-inline-editing pen\" contenteditable=\"true\" data-elementor-setting-key=\"title\" data-pen-placeholder=\"Digita qui...\">&nbsp;<\/h5>\n<p>Le API sviluppatori di Dinastycoin Club offrono una soluzione completa e flessibile per sviluppare l&#8217;economia della tua comunit\u00e0 con strumenti innovativi e versatili.<\/p>\n<h5 class=\"elementor-heading-title elementor-size-default elementor-inline-editing pen\" contenteditable=\"true\" data-elementor-setting-key=\"title\" data-pen-placeholder=\"Digita qui...\"><\/h5>\t\t\t\t\t\t\t\t<\/div>\n\t\t\t\t<\/div>\n\t\t\t\t<\/div>\n\t\t\t\t<\/div>\n\t\t<div class=\"elementor-element elementor-element-d2fa216 e-con-full e-flex e-con e-child\" data-id=\"d2fa216\" data-element_type=\"container\" data-e-type=\"container\">\n\t\t\t\t<div class=\"elementor-element elementor-element-44138ce elementor-widget elementor-widget-image\" data-id=\"44138ce\" data-element_type=\"widget\" data-e-type=\"widget\" data-widget_type=\"image.default\">\n\t\t\t\t<div class=\"elementor-widget-container\">\n\t\t\t\t\t\t\t\t\t\t\t\t\t\t\t<img decoding=\"async\" width=\"930\" height=\"930\" src=\"https:\/\/entedinastycoinclub.org\/wp-content\/uploads\/2024\/09\/exchange-1024x1024.png\" class=\"attachment-large size-large wp-image-9328\" alt=\"\" srcset=\"https:\/\/entedinastycoinclub.org\/wp-content\/uploads\/2024\/09\/exchange-1024x1024.png 1024w, https:\/\/entedinastycoinclub.org\/wp-content\/uploads\/2024\/09\/exchange-300x300.png 300w, https:\/\/entedinastycoinclub.org\/wp-content\/uploads\/2024\/09\/exchange-150x150.png 150w, https:\/\/entedinastycoinclub.org\/wp-content\/uploads\/2024\/09\/exchange-768x768.png 768w, https:\/\/entedinastycoinclub.org\/wp-content\/uploads\/2024\/09\/exchange-1536x1536.png 1536w, https:\/\/entedinastycoinclub.org\/wp-content\/uploads\/2024\/09\/exchange-2048x2048.png 2048w, https:\/\/entedinastycoinclub.org\/wp-content\/uploads\/2024\/09\/exchange-2000x2000.png 2000w, https:\/\/entedinastycoinclub.org\/wp-content\/uploads\/2024\/09\/exchange-1000x1000.png 1000w, https:\/\/entedinastycoinclub.org\/wp-content\/uploads\/2024\/09\/exchange-280x280.png 280w, https:\/\/entedinastycoinclub.org\/wp-content\/uploads\/2024\/09\/exchange-1800x1800.png 1800w, https:\/\/entedinastycoinclub.org\/wp-content\/uploads\/2024\/09\/exchange-560x560.png 560w, https:\/\/entedinastycoinclub.org\/wp-content\/uploads\/2024\/09\/exchange-600x600.png 600w, https:\/\/entedinastycoinclub.org\/wp-content\/uploads\/2024\/09\/exchange-800x800.png 800w, https:\/\/entedinastycoinclub.org\/wp-content\/uploads\/2024\/09\/exchange-200x200.png 200w\" sizes=\"(max-width: 930px) 100vw, 930px\" \/>\t\t\t\t\t\t\t\t\t\t\t\t\t\t\t<\/div>\n\t\t\t\t<\/div>\n\t\t\t\t<\/div>\n\t\t\t\t\t<\/div>\n\t\t\t\t<\/div>\n\t\t<div class=\"elementor-element elementor-element-1e72381 e-con-full animated-slow e-flex elementor-invisible e-con e-parent\" data-id=\"1e72381\" data-element_type=\"container\" data-e-type=\"container\" data-settings=\"{&quot;background_background&quot;:&quot;classic&quot;,&quot;motion_fx_motion_fx_scrolling&quot;:&quot;yes&quot;,&quot;animation&quot;:&quot;fadeIn&quot;,&quot;animation_delay&quot;:300,&quot;motion_fx_devices&quot;:[&quot;desktop&quot;,&quot;tablet&quot;,&quot;mobile&quot;]}\">\n\t\t<div class=\"elementor-element elementor-element-8e7975b e-con-full e-flex e-con e-child\" data-id=\"8e7975b\" data-element_type=\"container\" data-e-type=\"container\">\n\t\t\t\t<div class=\"elementor-element elementor-element-9d4d881 elementor-widget elementor-widget-heading\" data-id=\"9d4d881\" data-element_type=\"widget\" data-e-type=\"widget\" data-widget_type=\"heading.default\">\n\t\t\t\t<div class=\"elementor-widget-container\">\n\t\t\t\t\t<h2 class=\"elementor-heading-title elementor-size-default\">Le API di Dinastycoin Club offrono la possibilit\u00e0 di:<\/h2>\t\t\t\t<\/div>\n\t\t\t\t<\/div>\n\t\t\t\t<div class=\"elementor-element elementor-element-00f2502 elementor-widget elementor-widget-text-editor\" data-id=\"00f2502\" data-element_type=\"widget\" data-e-type=\"widget\" data-widget_type=\"text-editor.default\">\n\t\t\t\t<div class=\"elementor-widget-container\">\n\t\t\t\t\t\t\t\t\t<ul><li>Creare e gestire una moneta complementare all\u2019Ethic Voucher o all\u2019euro<\/li><li>Gestire cambi acquisto\/vendita tra le tutte varie monete gestite dai gruppi affiliati<\/li><li>Inserire e amministrare negozi, articoli e vendite online<\/li><li>Gestire i pagamenti nei negozi fisici<\/li><li>Coordinare gruppi di acquisto<\/li><li>Amministrare donazioni per associazioni no profit<\/li><li>Disponibile a richiesta per gli sviluppatori file <strong>POSTMAN<\/strong> importabile con tutte le call pronte da testare cambiando solo le chiavi di attivazione<\/li><li>E molto altro ancora<\/li><\/ul>\t\t\t\t\t\t\t\t<\/div>\n\t\t\t\t<\/div>\n\t\t\t\t<div class=\"elementor-element elementor-element-6cc5500 elementor-position-inline-end elementor-hidden-mobile elementor-view-default elementor-mobile-position-block-start elementor-widget elementor-widget-icon-box\" data-id=\"6cc5500\" data-element_type=\"widget\" data-e-type=\"widget\" data-widget_type=\"icon-box.default\">\n\t\t\t\t<div class=\"elementor-widget-container\">\n\t\t\t\t\t\t\t<div class=\"elementor-icon-box-wrapper\">\n\n\t\t\t\t\t\t<div class=\"elementor-icon-box-icon\">\n\t\t\t\t<span  class=\"elementor-icon\">\n\t\t\t\t<svg aria-hidden=\"true\" class=\"e-font-icon-svg e-fas-long-arrow-alt-right\" viewBox=\"0 0 448 512\" xmlns=\"http:\/\/www.w3.org\/2000\/svg\"><path d=\"M313.941 216H12c-6.627 0-12 5.373-12 12v56c0 6.627 5.373 12 12 12h301.941v46.059c0 21.382 25.851 32.09 40.971 16.971l86.059-86.059c9.373-9.373 9.373-24.569 0-33.941l-86.059-86.059c-15.119-15.119-40.971-4.411-40.971 16.971V216z\"><\/path><\/svg>\t\t\t\t<\/span>\n\t\t\t<\/div>\n\t\t\t\n\t\t\t\t\t\t<div class=\"elementor-icon-box-content\">\n\n\t\t\t\t\t\t\t\t\t<h3 class=\"elementor-icon-box-title\">\n\t\t\t\t\t\t<span  >\n\t\t\t\t\t\t\tDocumentazione\t\t\t\t\t\t<\/span>\n\t\t\t\t\t<\/h3>\n\t\t\t\t\n\t\t\t\t\t\t\t\t\t<p class=\"elementor-icon-box-description\">\n\t\t\t\t\t\tConsulta questo PDF per tutti i dettagli\t\t\t\t\t<\/p>\n\t\t\t\t\n\t\t\t<\/div>\n\t\t\t\n\t\t<\/div>\n\t\t\t\t\t\t<\/div>\n\t\t\t\t<\/div>\n\t\t\t\t<div class=\"elementor-element elementor-element-c04a3a3 elementor-position-inline-end elementor-hidden-desktop elementor-view-default elementor-mobile-position-block-start elementor-widget elementor-widget-icon-box\" data-id=\"c04a3a3\" data-element_type=\"widget\" data-e-type=\"widget\" data-widget_type=\"icon-box.default\">\n\t\t\t\t<div class=\"elementor-widget-container\">\n\t\t\t\t\t\t\t<div class=\"elementor-icon-box-wrapper\">\n\n\t\t\t\t\t\t<div class=\"elementor-icon-box-icon\">\n\t\t\t\t<span  class=\"elementor-icon\">\n\t\t\t\t<svg aria-hidden=\"true\" class=\"e-font-icon-svg e-fas-long-arrow-alt-down\" viewBox=\"0 0 256 512\" xmlns=\"http:\/\/www.w3.org\/2000\/svg\"><path d=\"M168 345.941V44c0-6.627-5.373-12-12-12h-56c-6.627 0-12 5.373-12 12v301.941H41.941c-21.382 0-32.09 25.851-16.971 40.971l86.059 86.059c9.373 9.373 24.569 9.373 33.941 0l86.059-86.059c15.119-15.119 4.411-40.971-16.971-40.971H168z\"><\/path><\/svg>\t\t\t\t<\/span>\n\t\t\t<\/div>\n\t\t\t\n\t\t\t\t\t\t<div class=\"elementor-icon-box-content\">\n\n\t\t\t\t\t\t\t\t\t<h3 class=\"elementor-icon-box-title\">\n\t\t\t\t\t\t<span  >\n\t\t\t\t\t\t\tDocumentazione\t\t\t\t\t\t<\/span>\n\t\t\t\t\t<\/h3>\n\t\t\t\t\n\t\t\t\t\t\t\t\t\t<p class=\"elementor-icon-box-description\">\n\t\t\t\t\t\tConsulta questo PDF per tutti i dettagli\t\t\t\t\t<\/p>\n\t\t\t\t\n\t\t\t<\/div>\n\t\t\t\n\t\t<\/div>\n\t\t\t\t\t\t<\/div>\n\t\t\t\t<\/div>\n\t\t\t\t<\/div>\n\t\t<div class=\"elementor-element elementor-element-98276df e-con-full e-flex e-con e-child\" data-id=\"98276df\" data-element_type=\"container\" data-e-type=\"container\">\n\t\t\t\t<div class=\"elementor-element elementor-element-4c7105f elementor-widget elementor-widget-shortcode\" data-id=\"4c7105f\" data-element_type=\"widget\" data-e-type=\"widget\" data-widget_type=\"shortcode.default\">\n\t\t\t\t<div class=\"elementor-widget-container\">\n\t\t\t\t\t\t\t<div class=\"elementor-shortcode\"><div class=\"_df_book df-lite\" id=\"df_9302\"  _slug=\"documentazione-api-per-sviluppatori\" data-title=\"documentazione-api-per-sviluppatori\" wpoptions=\"true\" thumb=\"https:\/\/entedinastycoinclub.org\/wp-content\/uploads\/2024\/09\/exchange.png\" thumbtype=\"\" ><\/div><script class=\"df-shortcode-script\" nowprocket type=\"application\/javascript\">window.option_df_9302 = {\"outline\":[],\"autoEnableOutline\":\"false\",\"autoEnableThumbnail\":\"false\",\"overwritePDFOutline\":\"false\",\"direction\":\"1\",\"pageSize\":\"0\",\"source\":\"https:\\\/\\\/entedinastycoinclub.org\\\/wp-content\\\/uploads\\\/2024\\\/11\\\/Documentazione-API-per-Dinastycoin-0.8.pdf\",\"wpOptions\":\"true\"}; if(window.DFLIP && window.DFLIP.parseBooks){window.DFLIP.parseBooks();}<\/script><\/div>\n\t\t\t\t\t\t<\/div>\n\t\t\t\t<\/div>\n\t\t\t\t<\/div>\n\t\t\t\t<\/div>\n\t\t\t\t<\/div>\n\t\t","protected":false},"excerpt":{"rendered":"<p>Con le nostre api professionali puoi realizzare applicazioni web  che gestiscono circuiti economici, marketplace, mercatino, societ\u00e0 no profit per raccolta fondi, gruppi di acquisto, interscambi con pi\u00f9 valute e molto altro<\/p>","protected":false},"author":1,"featured_media":0,"parent":0,"menu_order":0,"comment_status":"closed","ping_status":"closed","template":"elementor_header_footer","meta":{"inline_featured_image":false,"inspiro_page_layout":"narrow","inspiro_hide_title":false,"footnotes":""},"class_list":["post-9309","page","type-page","status-publish","hentry"],"yoast_head":"<!-- This site is optimized with the Yoast SEO Premium plugin v25.0 (Yoast SEO v27.3) - https:\/\/yoast.com\/product\/yoast-seo-premium-wordpress\/ -->\n<title>dinastycoin club API<\/title>\n<meta name=\"robots\" content=\"index, follow, max-snippet:-1, max-image-preview:large, max-video-preview:-1\" \/>\n<link rel=\"canonical\" href=\"https:\/\/entedinastycoinclub.org\/en\/api-docs\/\" \/>\n<meta property=\"og:locale\" content=\"en_GB\" \/>\n<meta property=\"og:type\" content=\"article\" \/>\n<meta property=\"og:title\" content=\"API Sviluppatori\" \/>\n<meta property=\"og:description\" content=\"Con le nostre api professionali puoi realizzare applicazioni web che gestiscono circuiti economici, marketplace, mercatino, societ\u00e0 no profit per raccolta fondi, gruppi di acquisto, interscambi con pi\u00f9 valute e molto altro\" \/>\n<meta property=\"og:url\" content=\"https:\/\/entedinastycoinclub.org\/en\/api-docs\/\" \/>\n<meta property=\"og:site_name\" content=\"Dinastycoin Club\" \/>\n<meta property=\"article:publisher\" content=\"https:\/\/facebook.com\/dinastycoin\" \/>\n<meta property=\"article:modified_time\" content=\"2024-11-25T10:03:10+00:00\" \/>\n<meta property=\"og:image\" content=\"https:\/\/entedinastycoinclub.org\/wp-content\/uploads\/2024\/09\/API.png\" \/>\n<meta name=\"twitter:card\" content=\"summary_large_image\" \/>\n<meta name=\"twitter:site\" content=\"@dinastycoin\" \/>\n<meta name=\"twitter:label1\" content=\"Est. reading time\" \/>\n\t<meta name=\"twitter:data1\" content=\"3 minutes\" \/>\n<script type=\"application\/ld+json\" class=\"yoast-schema-graph\">{\"@context\":\"https:\\\/\\\/schema.org\",\"@graph\":[{\"@type\":\"WebPage\",\"@id\":\"https:\\\/\\\/entedinastycoinclub.org\\\/api-docs\\\/\",\"url\":\"https:\\\/\\\/entedinastycoinclub.org\\\/api-docs\\\/\",\"name\":\"dinastycoin club API\",\"isPartOf\":{\"@id\":\"https:\\\/\\\/entedinastycoinclub.org\\\/#website\"},\"primaryImageOfPage\":{\"@id\":\"https:\\\/\\\/entedinastycoinclub.org\\\/api-docs\\\/#primaryimage\"},\"image\":{\"@id\":\"https:\\\/\\\/entedinastycoinclub.org\\\/api-docs\\\/#primaryimage\"},\"thumbnailUrl\":\"https:\\\/\\\/entedinastycoinclub.org\\\/wp-content\\\/uploads\\\/2024\\\/09\\\/API.png\",\"datePublished\":\"2024-09-11T18:19:44+00:00\",\"dateModified\":\"2024-11-25T10:03:10+00:00\",\"breadcrumb\":{\"@id\":\"https:\\\/\\\/entedinastycoinclub.org\\\/api-docs\\\/#breadcrumb\"},\"inLanguage\":\"en-GB\",\"potentialAction\":[{\"@type\":\"ReadAction\",\"target\":[\"https:\\\/\\\/entedinastycoinclub.org\\\/api-docs\\\/\"]}]},{\"@type\":\"ImageObject\",\"inLanguage\":\"en-GB\",\"@id\":\"https:\\\/\\\/entedinastycoinclub.org\\\/api-docs\\\/#primaryimage\",\"url\":\"https:\\\/\\\/entedinastycoinclub.org\\\/wp-content\\\/uploads\\\/2024\\\/09\\\/API.png\",\"contentUrl\":\"https:\\\/\\\/entedinastycoinclub.org\\\/wp-content\\\/uploads\\\/2024\\\/09\\\/API.png\"},{\"@type\":\"BreadcrumbList\",\"@id\":\"https:\\\/\\\/entedinastycoinclub.org\\\/api-docs\\\/#breadcrumb\",\"itemListElement\":[{\"@type\":\"ListItem\",\"position\":1,\"name\":\"Home\",\"item\":\"https:\\\/\\\/entedinastycoinclub.org\\\/\"},{\"@type\":\"ListItem\",\"position\":2,\"name\":\"API Sviluppatori\"}]},{\"@type\":\"WebSite\",\"@id\":\"https:\\\/\\\/entedinastycoinclub.org\\\/#website\",\"url\":\"https:\\\/\\\/entedinastycoinclub.org\\\/\",\"name\":\"Ente Dinastycoin club\",\"description\":\"Un nuovo sistema di pagamento etico deflazionabile fuodi dall&#039;euro\",\"publisher\":{\"@id\":\"https:\\\/\\\/entedinastycoinclub.org\\\/#organization\"},\"potentialAction\":[{\"@type\":\"SearchAction\",\"target\":{\"@type\":\"EntryPoint\",\"urlTemplate\":\"https:\\\/\\\/entedinastycoinclub.org\\\/?s={search_term_string}\"},\"query-input\":{\"@type\":\"PropertyValueSpecification\",\"valueRequired\":true,\"valueName\":\"search_term_string\"}}],\"inLanguage\":\"en-GB\"},{\"@type\":\"Organization\",\"@id\":\"https:\\\/\\\/entedinastycoinclub.org\\\/#organization\",\"name\":\"Ente Dinastycoin club\",\"url\":\"https:\\\/\\\/entedinastycoinclub.org\\\/\",\"logo\":{\"@type\":\"ImageObject\",\"inLanguage\":\"en-GB\",\"@id\":\"https:\\\/\\\/entedinastycoinclub.org\\\/#\\\/schema\\\/logo\\\/image\\\/\",\"url\":\"https:\\\/\\\/entedinastycoinclub.org\\\/wp-content\\\/uploads\\\/2024\\\/03\\\/dcycoinclubtrust.png\",\"contentUrl\":\"https:\\\/\\\/entedinastycoinclub.org\\\/wp-content\\\/uploads\\\/2024\\\/03\\\/dcycoinclubtrust.png\",\"width\":500,\"height\":199,\"caption\":\"Ente Dinastycoin club\"},\"image\":{\"@id\":\"https:\\\/\\\/entedinastycoinclub.org\\\/#\\\/schema\\\/logo\\\/image\\\/\"},\"sameAs\":[\"https:\\\/\\\/facebook.com\\\/dinastycoin\",\"https:\\\/\\\/x.com\\\/dinastycoin\",\"https:\\\/\\\/mastodon.social\\\/@dinastycoinclub\",\"https:\\\/\\\/instagram.com\\\/dinastycoinofficial\"],\"description\":\"Il modo pi\u00f9 semplice di pagare e ricevere denaro Semplifica la tua vita finanziaria con pochi semplici passaggi e goditi la tranquillit\u00e0 di sapere che ogni transazione \u00e8 protetta. Semplifica la tua vita finanziaria con pochi semplici passaggi e goditi la tranquillit\u00e0 di sapere che ogni transazione \u00e8 protetta. entra in un circuito economico etico deflazionabile e alternativo all'euro\",\"email\":\"admin@dinastycoin.club\",\"legalName\":\"ente dinastycoin club\",\"foundingDate\":\"2024-01-01\",\"actionableFeedbackPolicy\":\"https:\\\/\\\/entedinastycoinclub.org\\\/en\\\/?page_id=9110\",\"correctionsPolicy\":\"https:\\\/\\\/entedinastycoinclub.org\\\/en\\\/?page_id=9110\"}]}<\/script>\n<!-- \/ Yoast SEO Premium plugin. -->","yoast_head_json":{"title":"dinastycoin club API","robots":{"index":"index","follow":"follow","max-snippet":"max-snippet:-1","max-image-preview":"max-image-preview:large","max-video-preview":"max-video-preview:-1"},"canonical":"https:\/\/entedinastycoinclub.org\/en\/api-docs\/","og_locale":"en_GB","og_type":"article","og_title":"API Sviluppatori","og_description":"Con le nostre api professionali puoi realizzare applicazioni web che gestiscono circuiti economici, marketplace, mercatino, societ\u00e0 no profit per raccolta fondi, gruppi di acquisto, interscambi con pi\u00f9 valute e molto altro","og_url":"https:\/\/entedinastycoinclub.org\/en\/api-docs\/","og_site_name":"Dinastycoin Club","article_publisher":"https:\/\/facebook.com\/dinastycoin","article_modified_time":"2024-11-25T10:03:10+00:00","og_image":[{"url":"https:\/\/entedinastycoinclub.org\/wp-content\/uploads\/2024\/09\/API.png","type":"","width":"","height":""}],"twitter_card":"summary_large_image","twitter_site":"@dinastycoin","twitter_misc":{"Est. reading time":"3 minutes"},"schema":{"@context":"https:\/\/schema.org","@graph":[{"@type":"WebPage","@id":"https:\/\/entedinastycoinclub.org\/api-docs\/","url":"https:\/\/entedinastycoinclub.org\/api-docs\/","name":"dinastycoin club API","isPartOf":{"@id":"https:\/\/entedinastycoinclub.org\/#website"},"primaryImageOfPage":{"@id":"https:\/\/entedinastycoinclub.org\/api-docs\/#primaryimage"},"image":{"@id":"https:\/\/entedinastycoinclub.org\/api-docs\/#primaryimage"},"thumbnailUrl":"https:\/\/entedinastycoinclub.org\/wp-content\/uploads\/2024\/09\/API.png","datePublished":"2024-09-11T18:19:44+00:00","dateModified":"2024-11-25T10:03:10+00:00","breadcrumb":{"@id":"https:\/\/entedinastycoinclub.org\/api-docs\/#breadcrumb"},"inLanguage":"en-GB","potentialAction":[{"@type":"ReadAction","target":["https:\/\/entedinastycoinclub.org\/api-docs\/"]}]},{"@type":"ImageObject","inLanguage":"en-GB","@id":"https:\/\/entedinastycoinclub.org\/api-docs\/#primaryimage","url":"https:\/\/entedinastycoinclub.org\/wp-content\/uploads\/2024\/09\/API.png","contentUrl":"https:\/\/entedinastycoinclub.org\/wp-content\/uploads\/2024\/09\/API.png"},{"@type":"BreadcrumbList","@id":"https:\/\/entedinastycoinclub.org\/api-docs\/#breadcrumb","itemListElement":[{"@type":"ListItem","position":1,"name":"Home","item":"https:\/\/entedinastycoinclub.org\/"},{"@type":"ListItem","position":2,"name":"API Sviluppatori"}]},{"@type":"WebSite","@id":"https:\/\/entedinastycoinclub.org\/#website","url":"https:\/\/entedinastycoinclub.org\/","name":"Ente Dinastycoin club","description":"Un nuovo sistema di pagamento etico deflazionabile fuodi dall&#039;euro","publisher":{"@id":"https:\/\/entedinastycoinclub.org\/#organization"},"potentialAction":[{"@type":"SearchAction","target":{"@type":"EntryPoint","urlTemplate":"https:\/\/entedinastycoinclub.org\/?s={search_term_string}"},"query-input":{"@type":"PropertyValueSpecification","valueRequired":true,"valueName":"search_term_string"}}],"inLanguage":"en-GB"},{"@type":"Organization","@id":"https:\/\/entedinastycoinclub.org\/#organization","name":"Ente Dinastycoin club","url":"https:\/\/entedinastycoinclub.org\/","logo":{"@type":"ImageObject","inLanguage":"en-GB","@id":"https:\/\/entedinastycoinclub.org\/#\/schema\/logo\/image\/","url":"https:\/\/entedinastycoinclub.org\/wp-content\/uploads\/2024\/03\/dcycoinclubtrust.png","contentUrl":"https:\/\/entedinastycoinclub.org\/wp-content\/uploads\/2024\/03\/dcycoinclubtrust.png","width":500,"height":199,"caption":"Ente Dinastycoin club"},"image":{"@id":"https:\/\/entedinastycoinclub.org\/#\/schema\/logo\/image\/"},"sameAs":["https:\/\/facebook.com\/dinastycoin","https:\/\/x.com\/dinastycoin","https:\/\/mastodon.social\/@dinastycoinclub","https:\/\/instagram.com\/dinastycoinofficial"],"description":"Il modo pi\u00f9 semplice di pagare e ricevere denaro Semplifica la tua vita finanziaria con pochi semplici passaggi e goditi la tranquillit\u00e0 di sapere che ogni transazione \u00e8 protetta. Semplifica la tua vita finanziaria con pochi semplici passaggi e goditi la tranquillit\u00e0 di sapere che ogni transazione \u00e8 protetta. entra in un circuito economico etico deflazionabile e alternativo all'euro","email":"admin@dinastycoin.club","legalName":"ente dinastycoin club","foundingDate":"2024-01-01","actionableFeedbackPolicy":"https:\/\/entedinastycoinclub.org\/en\/?page_id=9110","correctionsPolicy":"https:\/\/entedinastycoinclub.org\/en\/?page_id=9110"}]}},"brizy_media":[],"_links":{"self":[{"href":"https:\/\/entedinastycoinclub.org\/en\/wp-json\/wp\/v2\/pages\/9309","targetHints":{"allow":["GET"]}}],"collection":[{"href":"https:\/\/entedinastycoinclub.org\/en\/wp-json\/wp\/v2\/pages"}],"about":[{"href":"https:\/\/entedinastycoinclub.org\/en\/wp-json\/wp\/v2\/types\/page"}],"author":[{"embeddable":true,"href":"https:\/\/entedinastycoinclub.org\/en\/wp-json\/wp\/v2\/users\/1"}],"replies":[{"embeddable":true,"href":"https:\/\/entedinastycoinclub.org\/en\/wp-json\/wp\/v2\/comments?post=9309"}],"version-history":[{"count":5,"href":"https:\/\/entedinastycoinclub.org\/en\/wp-json\/wp\/v2\/pages\/9309\/revisions"}],"predecessor-version":[{"id":10072,"href":"https:\/\/entedinastycoinclub.org\/en\/wp-json\/wp\/v2\/pages\/9309\/revisions\/10072"}],"wp:attachment":[{"href":"https:\/\/entedinastycoinclub.org\/en\/wp-json\/wp\/v2\/media?parent=9309"}],"curies":[{"name":"wp","href":"https:\/\/api.w.org\/{rel}","templated":true}]}}