{"id":7271,"date":"2024-05-04T09:59:39","date_gmt":"2024-05-04T09:59:39","guid":{"rendered":"https:\/\/entedinastycoinclub.org\/?page_id=7271"},"modified":"2024-05-04T15:12:56","modified_gmt":"2024-05-04T15:12:56","slug":"il-comitato-del-trust-dinastycoin-club","status":"publish","type":"page","link":"https:\/\/entedinastycoinclub.org\/en\/il-comitato-del-trust-dinastycoin-club\/","title":{"rendered":"Il Comitato del Trust Dinastycoin Club"},"content":{"rendered":"<div data-elementor-type=\"wp-page\" data-elementor-id=\"7271\" class=\"elementor elementor-7271\" data-elementor-post-type=\"page\">\n\t\t\t\t<div class=\"elementor-element elementor-element-d397e5f e-flex e-con-boxed e-con e-parent\" data-id=\"d397e5f\" data-element_type=\"container\" data-e-type=\"container\">\n\t\t\t\t\t<div class=\"e-con-inner\">\n\t\t\t\t<div class=\"elementor-element elementor-element-2f795b4 elementor-widget elementor-widget-wpzoom-elementor-addons-team-members\" data-id=\"2f795b4\" data-element_type=\"widget\" data-e-type=\"widget\" data-widget_type=\"wpzoom-elementor-addons-team-members.default\">\n\t\t\t\t<div class=\"elementor-widget-container\">\n\t\t\t\t\t\n\t\t\t\t\t<figure class=\"wpz-member-figure\">\n\t\t\t\t<img decoding=\"async\" width=\"150\" height=\"150\" src=\"https:\/\/entedinastycoinclub.org\/wp-content\/uploads\/2024\/05\/fotofacepassport-e1714816243918-150x150.jpg\" class=\"elementor-animation-disable-animation attachment-thumbnail size-thumbnail wp-image-7274\" alt=\"\" srcset=\"https:\/\/entedinastycoinclub.org\/wp-content\/uploads\/2024\/05\/fotofacepassport-e1714816243918-150x150.jpg 150w, https:\/\/entedinastycoinclub.org\/wp-content\/uploads\/2024\/05\/fotofacepassport-e1714816243918-280x280.jpg 280w, https:\/\/entedinastycoinclub.org\/wp-content\/uploads\/2024\/05\/fotofacepassport-e1714816243918-800x800.jpg 800w\" sizes=\"(max-width: 150px) 100vw, 150px\" \/>\t\t\t<\/figure>\n\t\t\n\t\t<div class=\"wpz-member-body\">\n\t\t\t<h2 class=\"wpz-member-name\">Franco Trustee Spinella<\/h2>\n\t\t\t\t\t\t\t<div class=\"wpz-member-position\">Amministratore Fiduciario<\/div>\n\t\t\t\n\t\t\t\t\t\t\t<div class=\"wpz-member-bio\">\n\t\t\t\t\t<p>Sviluppatore Software dal 1984.\nNel 2015 Fonda il progetto Dinasty of Freedom e la cryptovaluta Dinastycoin\nnel 2023 Nasce DInastycoion club con obbiettivo di creare una economia indipendente deflazionabile basata su una cryptovaluta come il Dinstycoin\ne nel 2024 nasce Dinstycoin.club 2.0 con introduzione dell'Ethic Voucher il primo voucher multiuso complementare ad una cryptovaluta <\/p>\n\t\t\t\t<\/div>\n\t\t\t\n\t\t\t\n\t\t\t\t\t\t\t<div class=\"wpz-member-links\">\n\t\t\t\t\t<a target=\"_blank\" rel=\"noopener\" href=\"https:\/\/facebook.com\/franco.dataflex\" class=\"elementor-repeater-item-515abb0\"><i class=\"fa-facebook fab\" aria-hidden=\"true\"><\/i><\/a><a target=\"_blank\" rel=\"noopener\" href=\"https:\/\/x.com\/\" class=\"elementor-repeater-item-ec0ce00\"><i class=\"fa-x-twitter fab\" aria-hidden=\"true\"><\/i><\/a><a target=\"_blank\" rel=\"noopener\" href=\"https:\/\/linkedin.com\/\" class=\"elementor-repeater-item-0914116\"><i class=\"fa-linkedin fab\" aria-hidden=\"true\"><\/i><\/a>\t\t\t\t<\/div>\n\t\t\t\n\t\t\t\t\t<\/div>\n\t\t\t\t\t\t<\/div>\n\t\t\t\t<\/div>\n\t\t\t\t\t<\/div>\n\t\t\t\t<\/div>\n\t\t\t\t<\/div>","protected":false},"excerpt":{"rendered":"<p>Franco Trustee Spinella Amministratore Fiduciario Sviluppatore Software dal 1984. Nel 2015 Fonda il progetto Dinasty of Freedom e la cryptovaluta Dinastycoin nel 2023 Nasce DInastycoion club con obbiettivo di creare una economia indipendente deflazionabile basata su una cryptovaluta come il Dinstycoin e nel 2024 nasce Dinstycoin.club 2.0 con introduzione dell&#8217;Ethic [&hellip;]<\/p>\n","protected":false},"author":1,"featured_media":0,"parent":0,"menu_order":0,"comment_status":"closed","ping_status":"closed","template":"","meta":{"inline_featured_image":false,"inspiro_page_layout":"narrow","inspiro_hide_title":false,"footnotes":""},"class_list":["post-7271","page","type-page","status-publish","hentry"],"yoast_head":"<!-- This site is optimized with the Yoast SEO Premium plugin v25.0 (Yoast SEO v27.4) - https:\/\/yoast.com\/product\/yoast-seo-premium-wordpress\/ -->\n<title>Il Comitato del Trust Dinastycoin Club - Dinastycoin Club<\/title>\n<meta name=\"robots\" content=\"index, follow, max-snippet:-1, max-image-preview:large, max-video-preview:-1\" \/>\n<link rel=\"canonical\" href=\"https:\/\/entedinastycoinclub.org\/en\/il-comitato-del-trust-dinastycoin-club\/\" \/>\n<meta property=\"og:locale\" content=\"en_GB\" \/>\n<meta property=\"og:type\" content=\"article\" \/>\n<meta property=\"og:title\" content=\"Il Comitato del Trust Dinastycoin Club\" \/>\n<meta property=\"og:description\" content=\"Franco Trustee Spinella Amministratore Fiduciario Sviluppatore Software dal 1984. Nel 2015 Fonda il progetto Dinasty of Freedom e la cryptovaluta Dinastycoin nel 2023 Nasce DInastycoion club con obbiettivo di creare una economia indipendente deflazionabile basata su una cryptovaluta come il Dinstycoin e nel 2024 nasce Dinstycoin.club 2.0 con introduzione dell&#8217;Ethic [&hellip;]\" \/>\n<meta property=\"og:url\" content=\"https:\/\/entedinastycoinclub.org\/en\/il-comitato-del-trust-dinastycoin-club\/\" \/>\n<meta property=\"og:site_name\" content=\"Dinastycoin Club\" \/>\n<meta property=\"article:publisher\" content=\"https:\/\/facebook.com\/dinastycoin\" \/>\n<meta property=\"article:modified_time\" content=\"2024-05-04T15:12:56+00:00\" \/>\n<meta property=\"og:image\" content=\"https:\/\/entedinastycoinclub.org\/wp-content\/uploads\/2024\/05\/fotofacepassport-e1714816243918-150x150.jpg\" \/>\n<meta name=\"twitter:card\" content=\"summary_large_image\" \/>\n<meta name=\"twitter:site\" content=\"@dinastycoin\" \/>\n<meta name=\"twitter:label1\" content=\"Est. reading time\" \/>\n\t<meta name=\"twitter:data1\" content=\"1 minute\" \/>\n<script type=\"application\/ld+json\" class=\"yoast-schema-graph\">{\"@context\":\"https:\\\/\\\/schema.org\",\"@graph\":[{\"@type\":\"WebPage\",\"@id\":\"https:\\\/\\\/entedinastycoinclub.org\\\/il-comitato-del-trust-dinastycoin-club\\\/\",\"url\":\"https:\\\/\\\/entedinastycoinclub.org\\\/il-comitato-del-trust-dinastycoin-club\\\/\",\"name\":\"Il Comitato del Trust Dinastycoin Club - Dinastycoin Club\",\"isPartOf\":{\"@id\":\"https:\\\/\\\/entedinastycoinclub.org\\\/#website\"},\"primaryImageOfPage\":{\"@id\":\"https:\\\/\\\/entedinastycoinclub.org\\\/il-comitato-del-trust-dinastycoin-club\\\/#primaryimage\"},\"image\":{\"@id\":\"https:\\\/\\\/entedinastycoinclub.org\\\/il-comitato-del-trust-dinastycoin-club\\\/#primaryimage\"},\"thumbnailUrl\":\"https:\\\/\\\/entedinastycoinclub.org\\\/wp-content\\\/uploads\\\/2024\\\/05\\\/fotofacepassport-e1714816243918-150x150.jpg\",\"datePublished\":\"2024-05-04T09:59:39+00:00\",\"dateModified\":\"2024-05-04T15:12:56+00:00\",\"breadcrumb\":{\"@id\":\"https:\\\/\\\/entedinastycoinclub.org\\\/il-comitato-del-trust-dinastycoin-club\\\/#breadcrumb\"},\"inLanguage\":\"en-GB\",\"potentialAction\":[{\"@type\":\"ReadAction\",\"target\":[\"https:\\\/\\\/entedinastycoinclub.org\\\/il-comitato-del-trust-dinastycoin-club\\\/\"]}]},{\"@type\":\"ImageObject\",\"inLanguage\":\"en-GB\",\"@id\":\"https:\\\/\\\/entedinastycoinclub.org\\\/il-comitato-del-trust-dinastycoin-club\\\/#primaryimage\",\"url\":\"https:\\\/\\\/entedinastycoinclub.org\\\/wp-content\\\/uploads\\\/2024\\\/05\\\/fotofacepassport-e1714816243918-150x150.jpg\",\"contentUrl\":\"https:\\\/\\\/entedinastycoinclub.org\\\/wp-content\\\/uploads\\\/2024\\\/05\\\/fotofacepassport-e1714816243918-150x150.jpg\"},{\"@type\":\"BreadcrumbList\",\"@id\":\"https:\\\/\\\/entedinastycoinclub.org\\\/il-comitato-del-trust-dinastycoin-club\\\/#breadcrumb\",\"itemListElement\":[{\"@type\":\"ListItem\",\"position\":1,\"name\":\"Home\",\"item\":\"https:\\\/\\\/entedinastycoinclub.org\\\/\"},{\"@type\":\"ListItem\",\"position\":2,\"name\":\"Il Comitato del Trust Dinastycoin Club\"}]},{\"@type\":\"WebSite\",\"@id\":\"https:\\\/\\\/entedinastycoinclub.org\\\/#website\",\"url\":\"https:\\\/\\\/entedinastycoinclub.org\\\/\",\"name\":\"Ente Dinastycoin club\",\"description\":\"Un nuovo sistema di pagamento etico deflazionabile fuodi dall&#039;euro\",\"publisher\":{\"@id\":\"https:\\\/\\\/entedinastycoinclub.org\\\/#organization\"},\"potentialAction\":[{\"@type\":\"SearchAction\",\"target\":{\"@type\":\"EntryPoint\",\"urlTemplate\":\"https:\\\/\\\/entedinastycoinclub.org\\\/?s={search_term_string}\"},\"query-input\":{\"@type\":\"PropertyValueSpecification\",\"valueRequired\":true,\"valueName\":\"search_term_string\"}}],\"inLanguage\":\"en-GB\"},{\"@type\":\"Organization\",\"@id\":\"https:\\\/\\\/entedinastycoinclub.org\\\/#organization\",\"name\":\"Ente Dinastycoin club\",\"url\":\"https:\\\/\\\/entedinastycoinclub.org\\\/\",\"logo\":{\"@type\":\"ImageObject\",\"inLanguage\":\"en-GB\",\"@id\":\"https:\\\/\\\/entedinastycoinclub.org\\\/#\\\/schema\\\/logo\\\/image\\\/\",\"url\":\"https:\\\/\\\/entedinastycoinclub.org\\\/wp-content\\\/uploads\\\/2024\\\/03\\\/dcycoinclubtrust.png\",\"contentUrl\":\"https:\\\/\\\/entedinastycoinclub.org\\\/wp-content\\\/uploads\\\/2024\\\/03\\\/dcycoinclubtrust.png\",\"width\":500,\"height\":199,\"caption\":\"Ente Dinastycoin club\"},\"image\":{\"@id\":\"https:\\\/\\\/entedinastycoinclub.org\\\/#\\\/schema\\\/logo\\\/image\\\/\"},\"sameAs\":[\"https:\\\/\\\/facebook.com\\\/dinastycoin\",\"https:\\\/\\\/x.com\\\/dinastycoin\",\"https:\\\/\\\/mastodon.social\\\/@dinastycoinclub\",\"https:\\\/\\\/instagram.com\\\/dinastycoinofficial\"],\"description\":\"Il modo pi\u00f9 semplice di pagare e ricevere denaro Semplifica la tua vita finanziaria con pochi semplici passaggi e goditi la tranquillit\u00e0 di sapere che ogni transazione \u00e8 protetta. Semplifica la tua vita finanziaria con pochi semplici passaggi e goditi la tranquillit\u00e0 di sapere che ogni transazione \u00e8 protetta. entra in un circuito economico etico deflazionabile e alternativo all'euro\",\"email\":\"admin@dinastycoin.club\",\"legalName\":\"ente dinastycoin club\",\"foundingDate\":\"2024-01-01\",\"actionableFeedbackPolicy\":\"https:\\\/\\\/entedinastycoinclub.org\\\/en\\\/?page_id=9110\",\"correctionsPolicy\":\"https:\\\/\\\/entedinastycoinclub.org\\\/en\\\/?page_id=9110\"}]}<\/script>\n<!-- \/ Yoast SEO Premium plugin. -->","yoast_head_json":{"title":"Il Comitato del Trust Dinastycoin Club - Dinastycoin Club","robots":{"index":"index","follow":"follow","max-snippet":"max-snippet:-1","max-image-preview":"max-image-preview:large","max-video-preview":"max-video-preview:-1"},"canonical":"https:\/\/entedinastycoinclub.org\/en\/il-comitato-del-trust-dinastycoin-club\/","og_locale":"en_GB","og_type":"article","og_title":"Il Comitato del Trust Dinastycoin Club","og_description":"Franco Trustee Spinella Amministratore Fiduciario Sviluppatore Software dal 1984. Nel 2015 Fonda il progetto Dinasty of Freedom e la cryptovaluta Dinastycoin nel 2023 Nasce DInastycoion club con obbiettivo di creare una economia indipendente deflazionabile basata su una cryptovaluta come il Dinstycoin e nel 2024 nasce Dinstycoin.club 2.0 con introduzione dell&#8217;Ethic [&hellip;]","og_url":"https:\/\/entedinastycoinclub.org\/en\/il-comitato-del-trust-dinastycoin-club\/","og_site_name":"Dinastycoin Club","article_publisher":"https:\/\/facebook.com\/dinastycoin","article_modified_time":"2024-05-04T15:12:56+00:00","og_image":[{"url":"https:\/\/entedinastycoinclub.org\/wp-content\/uploads\/2024\/05\/fotofacepassport-e1714816243918-150x150.jpg","type":"","width":"","height":""}],"twitter_card":"summary_large_image","twitter_site":"@dinastycoin","twitter_misc":{"Est. reading time":"1 minute"},"schema":{"@context":"https:\/\/schema.org","@graph":[{"@type":"WebPage","@id":"https:\/\/entedinastycoinclub.org\/il-comitato-del-trust-dinastycoin-club\/","url":"https:\/\/entedinastycoinclub.org\/il-comitato-del-trust-dinastycoin-club\/","name":"Il Comitato del Trust Dinastycoin Club - Dinastycoin Club","isPartOf":{"@id":"https:\/\/entedinastycoinclub.org\/#website"},"primaryImageOfPage":{"@id":"https:\/\/entedinastycoinclub.org\/il-comitato-del-trust-dinastycoin-club\/#primaryimage"},"image":{"@id":"https:\/\/entedinastycoinclub.org\/il-comitato-del-trust-dinastycoin-club\/#primaryimage"},"thumbnailUrl":"https:\/\/entedinastycoinclub.org\/wp-content\/uploads\/2024\/05\/fotofacepassport-e1714816243918-150x150.jpg","datePublished":"2024-05-04T09:59:39+00:00","dateModified":"2024-05-04T15:12:56+00:00","breadcrumb":{"@id":"https:\/\/entedinastycoinclub.org\/il-comitato-del-trust-dinastycoin-club\/#breadcrumb"},"inLanguage":"en-GB","potentialAction":[{"@type":"ReadAction","target":["https:\/\/entedinastycoinclub.org\/il-comitato-del-trust-dinastycoin-club\/"]}]},{"@type":"ImageObject","inLanguage":"en-GB","@id":"https:\/\/entedinastycoinclub.org\/il-comitato-del-trust-dinastycoin-club\/#primaryimage","url":"https:\/\/entedinastycoinclub.org\/wp-content\/uploads\/2024\/05\/fotofacepassport-e1714816243918-150x150.jpg","contentUrl":"https:\/\/entedinastycoinclub.org\/wp-content\/uploads\/2024\/05\/fotofacepassport-e1714816243918-150x150.jpg"},{"@type":"BreadcrumbList","@id":"https:\/\/entedinastycoinclub.org\/il-comitato-del-trust-dinastycoin-club\/#breadcrumb","itemListElement":[{"@type":"ListItem","position":1,"name":"Home","item":"https:\/\/entedinastycoinclub.org\/"},{"@type":"ListItem","position":2,"name":"Il Comitato del Trust Dinastycoin Club"}]},{"@type":"WebSite","@id":"https:\/\/entedinastycoinclub.org\/#website","url":"https:\/\/entedinastycoinclub.org\/","name":"Ente Dinastycoin club","description":"Un nuovo sistema di pagamento etico deflazionabile fuodi dall&#039;euro","publisher":{"@id":"https:\/\/entedinastycoinclub.org\/#organization"},"potentialAction":[{"@type":"SearchAction","target":{"@type":"EntryPoint","urlTemplate":"https:\/\/entedinastycoinclub.org\/?s={search_term_string}"},"query-input":{"@type":"PropertyValueSpecification","valueRequired":true,"valueName":"search_term_string"}}],"inLanguage":"en-GB"},{"@type":"Organization","@id":"https:\/\/entedinastycoinclub.org\/#organization","name":"Ente Dinastycoin club","url":"https:\/\/entedinastycoinclub.org\/","logo":{"@type":"ImageObject","inLanguage":"en-GB","@id":"https:\/\/entedinastycoinclub.org\/#\/schema\/logo\/image\/","url":"https:\/\/entedinastycoinclub.org\/wp-content\/uploads\/2024\/03\/dcycoinclubtrust.png","contentUrl":"https:\/\/entedinastycoinclub.org\/wp-content\/uploads\/2024\/03\/dcycoinclubtrust.png","width":500,"height":199,"caption":"Ente Dinastycoin club"},"image":{"@id":"https:\/\/entedinastycoinclub.org\/#\/schema\/logo\/image\/"},"sameAs":["https:\/\/facebook.com\/dinastycoin","https:\/\/x.com\/dinastycoin","https:\/\/mastodon.social\/@dinastycoinclub","https:\/\/instagram.com\/dinastycoinofficial"],"description":"Il modo pi\u00f9 semplice di pagare e ricevere denaro Semplifica la tua vita finanziaria con pochi semplici passaggi e goditi la tranquillit\u00e0 di sapere che ogni transazione \u00e8 protetta. Semplifica la tua vita finanziaria con pochi semplici passaggi e goditi la tranquillit\u00e0 di sapere che ogni transazione \u00e8 protetta. entra in un circuito economico etico deflazionabile e alternativo all'euro","email":"admin@dinastycoin.club","legalName":"ente dinastycoin club","foundingDate":"2024-01-01","actionableFeedbackPolicy":"https:\/\/entedinastycoinclub.org\/en\/?page_id=9110","correctionsPolicy":"https:\/\/entedinastycoinclub.org\/en\/?page_id=9110"}]}},"brizy_media":[],"_links":{"self":[{"href":"https:\/\/entedinastycoinclub.org\/en\/wp-json\/wp\/v2\/pages\/7271","targetHints":{"allow":["GET"]}}],"collection":[{"href":"https:\/\/entedinastycoinclub.org\/en\/wp-json\/wp\/v2\/pages"}],"about":[{"href":"https:\/\/entedinastycoinclub.org\/en\/wp-json\/wp\/v2\/types\/page"}],"author":[{"embeddable":true,"href":"https:\/\/entedinastycoinclub.org\/en\/wp-json\/wp\/v2\/users\/1"}],"replies":[{"embeddable":true,"href":"https:\/\/entedinastycoinclub.org\/en\/wp-json\/wp\/v2\/comments?post=7271"}],"version-history":[{"count":5,"href":"https:\/\/entedinastycoinclub.org\/en\/wp-json\/wp\/v2\/pages\/7271\/revisions"}],"predecessor-version":[{"id":7279,"href":"https:\/\/entedinastycoinclub.org\/en\/wp-json\/wp\/v2\/pages\/7271\/revisions\/7279"}],"wp:attachment":[{"href":"https:\/\/entedinastycoinclub.org\/en\/wp-json\/wp\/v2\/media?parent=7271"}],"curies":[{"name":"wp","href":"https:\/\/api.w.org\/{rel}","templated":true}]}}