{"id":7120,"date":"2024-04-25T17:29:47","date_gmt":"2024-04-25T17:29:47","guid":{"rendered":"https:\/\/entedinastycoinclub.org\/?page_id=7120"},"modified":"2024-11-24T00:09:38","modified_gmt":"2024-11-24T00:09:38","slug":"adesione-al-circuito-dinastycoin-club-da-parte-di-aziendeesercenti-arti-e-professioni-enti","status":"publish","type":"page","link":"https:\/\/entedinastycoinclub.org\/en\/adesione-al-circuito-dinastycoin-club-da-parte-di-aziendeesercenti-arti-e-professioni-enti\/","title":{"rendered":"ADESIONE AL CIRCUITO ECONOMICO DINASTYCOIN CLUB DA PARTE DI AZIENDE, ESERCENTI ARTI E PROFESSIONI, ENTI"},"content":{"rendered":"<div data-elementor-type=\"wp-page\" data-elementor-id=\"7120\" class=\"elementor elementor-7120\" data-elementor-post-type=\"page\">\n\t\t\t\t<div class=\"elementor-element elementor-element-7629f305 e-flex e-con-boxed e-con e-parent\" data-id=\"7629f305\" data-element_type=\"container\" data-e-type=\"container\">\n\t\t\t\t\t<div class=\"e-con-inner\">\n\t\t\t\t<div class=\"elementor-element elementor-element-703aa965 elementor-widget elementor-widget-text-editor\" data-id=\"703aa965\" data-element_type=\"widget\" data-e-type=\"widget\" data-widget_type=\"text-editor.default\">\n\t\t\t\t<div class=\"elementor-widget-container\">\n\t\t\t\t\t\t\t\t\t<p>Sei un negoziante, professionista? Cerchi un circuito economico alternativo o parallelo all&#8217;euro per trovare nuove opportunit\u00e0 di vendita dei tuoi servizi\/prodotti, nuova clientela.<\/p>\n<p><!-- \/wp:paragraph --><\/p>\n<p><!-- wp:paragraph --><\/p>\n<p>Cerchi una circuito che ti offre una piattaforma software dove non ci sono costi di attivazione o ricorrenti? Una economia circolare solidale, sociale e deflazionabile? Senza burocrazia ossessiva? Con pagamenti istantanei e senza costi di transazione?<\/p>\n<h4>Aderisci al circuito economico dinastycoin.club.<\/h4>\n<p>Aumenterai il numero di clienti soddisfatti che acquisteranno nel tuo negozio ricevendo un cashback istantaneo\u00a0 \u00a0pagato da noi! Tu incassi la stessa cifra ma i clienti pagheranno meno!<\/p>\n<p>Inoltre azzeri totalmente tutti i costi di gestione pos e di transazione pagamenti che risulteranno accreditati in tempo reale per i pagamenti al banco e anticipati per i pagamenti on line nel marketplace e tutti senza costi per te.<\/p>\n<p><!-- \/wp:paragraph --><\/p>\n<p><!-- wp:paragraph --><\/p>\n<p>Che aspetti? Hai trovato il posto che cercavi ! Scaricati il modulo e <a href=\"https:\/\/dinastycoin.club?ref=dinastycoin.club\">iscriviti <\/a>\u00e8 tutto gratuito. <a href=\"https:\/\/entedinastycoinclub.org\/en\/elenco-delle-attivita-dove-puoi-pagare-con-ethic-voucher\/\">Guarda <\/a>quanti hanno gi\u00e0 aderito\u00a0 \u00a0<\/p>\n<p><!-- \/wp:paragraph --><\/p>\n<p><!-- wp:paragraph --><\/p>\n<div class=\"_df_thumb\" id=\"df_7118\"  _slug=\"7118\" data-title=\"adesione-al-circuito-dinastycoin-club-da-parte-di-aziend\" wpoptions=\"true\" thumb=\"https:\/\/entedinastycoinclub.org\/wp-content\/uploads\/2024\/04\/Digital-Marketing-Campaign.jpg\" thumbtype=\"\" >ADESIONE AL CIRCUITO DINASTYCOIN CLUB DA PARTE DI AZIEND<\/div><script class=\"df-shortcode-script\" nowprocket type=\"application\/javascript\">window.option_df_7118 = {\"outline\":[],\"autoEnableOutline\":\"false\",\"autoEnableThumbnail\":\"false\",\"overwritePDFOutline\":\"false\",\"direction\":\"1\",\"pageSize\":\"0\",\"source\":\"https:\\\/\\\/entedinastycoinclub.org\\\/wp-content\\\/uploads\\\/2024\\\/04\\\/contrattonegoziaderentidcyclub0.1.pdf\",\"wpOptions\":\"true\"}; if(window.DFLIP && window.DFLIP.parseBooks){window.DFLIP.parseBooks();}<\/script>\n<h5>ADESIONE AL CIRCUITO DINASTYCOIN CLUB DA PARTE DI AZIENDE, ESERCENTI ARTI E PROFESSIONI, ENTI<\/h5>\n<p><!-- \/wp:paragraph --><\/p>\n<p><!-- wp:paragraph --><\/p>\n<p><!-- \/wp:paragraph --><\/p>\t\t\t\t\t\t\t\t<\/div>\n\t\t\t\t<\/div>\n\t\t\t\t\t<\/div>\n\t\t\t\t<\/div>\n\t\t\t\t<\/div>","protected":false},"excerpt":{"rendered":"<p>Iscrivi la tua azienda nel circuito economico dinastycoin club per aumentare i clienti soddisfatti e abbattere i costi di gestione amministrativi e azzera i costi delle transazioni<\/p>","protected":false},"author":1,"featured_media":0,"parent":0,"menu_order":0,"comment_status":"closed","ping_status":"closed","template":"","meta":{"inline_featured_image":false,"inspiro_page_layout":"narrow","inspiro_hide_title":false,"footnotes":""},"class_list":["post-7120","page","type-page","status-publish","hentry"],"yoast_head":"<!-- This site is optimized with the Yoast SEO Premium plugin v25.0 (Yoast SEO v27.6) - https:\/\/yoast.com\/product\/yoast-seo-premium-wordpress\/ -->\n<title>ADESIONE AL CIRCUITO ECONOMICO DINASTYCOIN CLUB DA PARTE DI AZIENDE, ESERCENTI ARTI E PROFESSIONI, ENTI - Dinastycoin Club<\/title>\n<meta name=\"description\" content=\"Cerchi un circuito economico alternativo o parallelo all&#039;euro per trovare nuove opportunit\u00e0 di vendita dei tuoi servizi\/prodotti, nuova clientela. Totalmente gratuito e che paga il 20% di cashback a tutti i tuoi clienti?\" \/>\n<meta name=\"robots\" content=\"index, follow, max-snippet:-1, max-image-preview:large, max-video-preview:-1\" \/>\n<link rel=\"canonical\" href=\"https:\/\/entedinastycoinclub.org\/en\/adesione-al-circuito-dinastycoin-club-da-parte-di-aziendeesercenti-arti-e-professioni-enti\/\" \/>\n<meta property=\"og:locale\" content=\"en_GB\" \/>\n<meta property=\"og:type\" content=\"article\" \/>\n<meta property=\"og:title\" content=\"ADESIONE AL CIRCUITO ECONOMICO DINASTYCOIN CLUB DA PARTE DI AZIENDE, ESERCENTI ARTI E PROFESSIONI, ENTI\" \/>\n<meta property=\"og:description\" content=\"Cerchi un circuito economico alternativo all&#039;euro completamente gratuito per trovare nuove opportunit\u00e0 di vendita dei tuoi servizi\/prodotti, nuova clientela.\" \/>\n<meta property=\"og:url\" content=\"https:\/\/entedinastycoinclub.org\/en\/adesione-al-circuito-dinastycoin-club-da-parte-di-aziendeesercenti-arti-e-professioni-enti\/\" \/>\n<meta property=\"og:site_name\" content=\"Dinastycoin Club\" \/>\n<meta property=\"article:publisher\" content=\"https:\/\/facebook.com\/dinastycoin\" \/>\n<meta property=\"article:modified_time\" content=\"2024-11-24T00:09:38+00:00\" \/>\n<meta property=\"og:image\" content=\"https:\/\/entedinastycoinclub.org\/wp-content\/uploads\/2024\/08\/mail-thumbnail.png\" \/>\n\t<meta property=\"og:image:width\" content=\"1080\" \/>\n\t<meta property=\"og:image:height\" content=\"1080\" \/>\n\t<meta property=\"og:image:type\" content=\"image\/png\" \/>\n<meta name=\"twitter:card\" content=\"summary_large_image\" \/>\n<meta name=\"twitter:site\" content=\"@dinastycoin\" \/>\n<meta name=\"twitter:label1\" content=\"Est. reading time\" \/>\n\t<meta name=\"twitter:data1\" content=\"1 minute\" \/>\n<script type=\"application\/ld+json\" class=\"yoast-schema-graph\">{\"@context\":\"https:\\\/\\\/schema.org\",\"@graph\":[{\"@type\":\"WebPage\",\"@id\":\"https:\\\/\\\/entedinastycoinclub.org\\\/adesione-al-circuito-dinastycoin-club-da-parte-di-aziendeesercenti-arti-e-professioni-enti\\\/\",\"url\":\"https:\\\/\\\/entedinastycoinclub.org\\\/adesione-al-circuito-dinastycoin-club-da-parte-di-aziendeesercenti-arti-e-professioni-enti\\\/\",\"name\":\"ADESIONE AL CIRCUITO ECONOMICO DINASTYCOIN CLUB DA PARTE DI AZIENDE, ESERCENTI ARTI E PROFESSIONI, ENTI - Dinastycoin Club\",\"isPartOf\":{\"@id\":\"https:\\\/\\\/entedinastycoinclub.org\\\/#website\"},\"datePublished\":\"2024-04-25T17:29:47+00:00\",\"dateModified\":\"2024-11-24T00:09:38+00:00\",\"description\":\"Cerchi un circuito economico alternativo o parallelo all'euro per trovare nuove opportunit\u00e0 di vendita dei tuoi servizi\\\/prodotti, nuova clientela. Totalmente gratuito e che paga il 20% di cashback a tutti i tuoi clienti?\",\"breadcrumb\":{\"@id\":\"https:\\\/\\\/entedinastycoinclub.org\\\/adesione-al-circuito-dinastycoin-club-da-parte-di-aziendeesercenti-arti-e-professioni-enti\\\/#breadcrumb\"},\"inLanguage\":\"en-GB\",\"potentialAction\":[{\"@type\":\"ReadAction\",\"target\":[\"https:\\\/\\\/entedinastycoinclub.org\\\/adesione-al-circuito-dinastycoin-club-da-parte-di-aziendeesercenti-arti-e-professioni-enti\\\/\"]}]},{\"@type\":\"BreadcrumbList\",\"@id\":\"https:\\\/\\\/entedinastycoinclub.org\\\/adesione-al-circuito-dinastycoin-club-da-parte-di-aziendeesercenti-arti-e-professioni-enti\\\/#breadcrumb\",\"itemListElement\":[{\"@type\":\"ListItem\",\"position\":1,\"name\":\"Home\",\"item\":\"https:\\\/\\\/entedinastycoinclub.org\\\/\"},{\"@type\":\"ListItem\",\"position\":2,\"name\":\"ADESIONE AL CIRCUITO ECONOMICO DINASTYCOIN CLUB DA PARTE DI AZIENDE, ESERCENTI ARTI E PROFESSIONI, ENTI\"}]},{\"@type\":\"WebSite\",\"@id\":\"https:\\\/\\\/entedinastycoinclub.org\\\/#website\",\"url\":\"https:\\\/\\\/entedinastycoinclub.org\\\/\",\"name\":\"Ente Dinastycoin club\",\"description\":\"Un nuovo sistema di pagamento etico deflazionabile fuodi dall&#039;euro\",\"publisher\":{\"@id\":\"https:\\\/\\\/entedinastycoinclub.org\\\/#organization\"},\"potentialAction\":[{\"@type\":\"SearchAction\",\"target\":{\"@type\":\"EntryPoint\",\"urlTemplate\":\"https:\\\/\\\/entedinastycoinclub.org\\\/?s={search_term_string}\"},\"query-input\":{\"@type\":\"PropertyValueSpecification\",\"valueRequired\":true,\"valueName\":\"search_term_string\"}}],\"inLanguage\":\"en-GB\"},{\"@type\":\"Organization\",\"@id\":\"https:\\\/\\\/entedinastycoinclub.org\\\/#organization\",\"name\":\"Ente Dinastycoin club\",\"url\":\"https:\\\/\\\/entedinastycoinclub.org\\\/\",\"logo\":{\"@type\":\"ImageObject\",\"inLanguage\":\"en-GB\",\"@id\":\"https:\\\/\\\/entedinastycoinclub.org\\\/#\\\/schema\\\/logo\\\/image\\\/\",\"url\":\"https:\\\/\\\/entedinastycoinclub.org\\\/wp-content\\\/uploads\\\/2024\\\/03\\\/dcycoinclubtrust.png\",\"contentUrl\":\"https:\\\/\\\/entedinastycoinclub.org\\\/wp-content\\\/uploads\\\/2024\\\/03\\\/dcycoinclubtrust.png\",\"width\":500,\"height\":199,\"caption\":\"Ente Dinastycoin club\"},\"image\":{\"@id\":\"https:\\\/\\\/entedinastycoinclub.org\\\/#\\\/schema\\\/logo\\\/image\\\/\"},\"sameAs\":[\"https:\\\/\\\/facebook.com\\\/dinastycoin\",\"https:\\\/\\\/x.com\\\/dinastycoin\",\"https:\\\/\\\/mastodon.social\\\/@dinastycoinclub\",\"https:\\\/\\\/instagram.com\\\/dinastycoinofficial\"],\"description\":\"Il modo pi\u00f9 semplice di pagare e ricevere denaro Semplifica la tua vita finanziaria con pochi semplici passaggi e goditi la tranquillit\u00e0 di sapere che ogni transazione \u00e8 protetta. Semplifica la tua vita finanziaria con pochi semplici passaggi e goditi la tranquillit\u00e0 di sapere che ogni transazione \u00e8 protetta. entra in un circuito economico etico deflazionabile e alternativo all'euro\",\"email\":\"admin@dinastycoin.club\",\"legalName\":\"ente dinastycoin club\",\"foundingDate\":\"2024-01-01\",\"actionableFeedbackPolicy\":\"https:\\\/\\\/entedinastycoinclub.org\\\/en\\\/?page_id=9110\",\"correctionsPolicy\":\"https:\\\/\\\/entedinastycoinclub.org\\\/en\\\/?page_id=9110\"}]}<\/script>\n<!-- \/ Yoast SEO Premium plugin. -->","yoast_head_json":{"title":"ADESIONE AL CIRCUITO ECONOMICO DINASTYCOIN CLUB DA PARTE DI AZIENDE, ESERCENTI ARTI E PROFESSIONI, ENTI - Dinastycoin Club","description":"Cerchi un circuito economico alternativo o parallelo all'euro per trovare nuove opportunit\u00e0 di vendita dei tuoi servizi\/prodotti, nuova clientela. Totalmente gratuito e che paga il 20% di cashback a tutti i tuoi clienti?","robots":{"index":"index","follow":"follow","max-snippet":"max-snippet:-1","max-image-preview":"max-image-preview:large","max-video-preview":"max-video-preview:-1"},"canonical":"https:\/\/entedinastycoinclub.org\/en\/adesione-al-circuito-dinastycoin-club-da-parte-di-aziendeesercenti-arti-e-professioni-enti\/","og_locale":"en_GB","og_type":"article","og_title":"ADESIONE AL CIRCUITO ECONOMICO DINASTYCOIN CLUB DA PARTE DI AZIENDE, ESERCENTI ARTI E PROFESSIONI, ENTI","og_description":"Cerchi un circuito economico alternativo all'euro completamente gratuito per trovare nuove opportunit\u00e0 di vendita dei tuoi servizi\/prodotti, nuova clientela.","og_url":"https:\/\/entedinastycoinclub.org\/en\/adesione-al-circuito-dinastycoin-club-da-parte-di-aziendeesercenti-arti-e-professioni-enti\/","og_site_name":"Dinastycoin Club","article_publisher":"https:\/\/facebook.com\/dinastycoin","article_modified_time":"2024-11-24T00:09:38+00:00","og_image":[{"width":1080,"height":1080,"url":"https:\/\/entedinastycoinclub.org\/wp-content\/uploads\/2024\/08\/mail-thumbnail.png","type":"image\/png"}],"twitter_card":"summary_large_image","twitter_site":"@dinastycoin","twitter_misc":{"Est. reading time":"1 minute"},"schema":{"@context":"https:\/\/schema.org","@graph":[{"@type":"WebPage","@id":"https:\/\/entedinastycoinclub.org\/adesione-al-circuito-dinastycoin-club-da-parte-di-aziendeesercenti-arti-e-professioni-enti\/","url":"https:\/\/entedinastycoinclub.org\/adesione-al-circuito-dinastycoin-club-da-parte-di-aziendeesercenti-arti-e-professioni-enti\/","name":"ADESIONE AL CIRCUITO ECONOMICO DINASTYCOIN CLUB DA PARTE DI AZIENDE, ESERCENTI ARTI E PROFESSIONI, ENTI - Dinastycoin Club","isPartOf":{"@id":"https:\/\/entedinastycoinclub.org\/#website"},"datePublished":"2024-04-25T17:29:47+00:00","dateModified":"2024-11-24T00:09:38+00:00","description":"Cerchi un circuito economico alternativo o parallelo all'euro per trovare nuove opportunit\u00e0 di vendita dei tuoi servizi\/prodotti, nuova clientela. Totalmente gratuito e che paga il 20% di cashback a tutti i tuoi clienti?","breadcrumb":{"@id":"https:\/\/entedinastycoinclub.org\/adesione-al-circuito-dinastycoin-club-da-parte-di-aziendeesercenti-arti-e-professioni-enti\/#breadcrumb"},"inLanguage":"en-GB","potentialAction":[{"@type":"ReadAction","target":["https:\/\/entedinastycoinclub.org\/adesione-al-circuito-dinastycoin-club-da-parte-di-aziendeesercenti-arti-e-professioni-enti\/"]}]},{"@type":"BreadcrumbList","@id":"https:\/\/entedinastycoinclub.org\/adesione-al-circuito-dinastycoin-club-da-parte-di-aziendeesercenti-arti-e-professioni-enti\/#breadcrumb","itemListElement":[{"@type":"ListItem","position":1,"name":"Home","item":"https:\/\/entedinastycoinclub.org\/"},{"@type":"ListItem","position":2,"name":"ADESIONE AL CIRCUITO ECONOMICO DINASTYCOIN CLUB DA PARTE DI AZIENDE, ESERCENTI ARTI E PROFESSIONI, ENTI"}]},{"@type":"WebSite","@id":"https:\/\/entedinastycoinclub.org\/#website","url":"https:\/\/entedinastycoinclub.org\/","name":"Ente Dinastycoin club","description":"Un nuovo sistema di pagamento etico deflazionabile fuodi dall&#039;euro","publisher":{"@id":"https:\/\/entedinastycoinclub.org\/#organization"},"potentialAction":[{"@type":"SearchAction","target":{"@type":"EntryPoint","urlTemplate":"https:\/\/entedinastycoinclub.org\/?s={search_term_string}"},"query-input":{"@type":"PropertyValueSpecification","valueRequired":true,"valueName":"search_term_string"}}],"inLanguage":"en-GB"},{"@type":"Organization","@id":"https:\/\/entedinastycoinclub.org\/#organization","name":"Ente Dinastycoin club","url":"https:\/\/entedinastycoinclub.org\/","logo":{"@type":"ImageObject","inLanguage":"en-GB","@id":"https:\/\/entedinastycoinclub.org\/#\/schema\/logo\/image\/","url":"https:\/\/entedinastycoinclub.org\/wp-content\/uploads\/2024\/03\/dcycoinclubtrust.png","contentUrl":"https:\/\/entedinastycoinclub.org\/wp-content\/uploads\/2024\/03\/dcycoinclubtrust.png","width":500,"height":199,"caption":"Ente Dinastycoin club"},"image":{"@id":"https:\/\/entedinastycoinclub.org\/#\/schema\/logo\/image\/"},"sameAs":["https:\/\/facebook.com\/dinastycoin","https:\/\/x.com\/dinastycoin","https:\/\/mastodon.social\/@dinastycoinclub","https:\/\/instagram.com\/dinastycoinofficial"],"description":"Il modo pi\u00f9 semplice di pagare e ricevere denaro Semplifica la tua vita finanziaria con pochi semplici passaggi e goditi la tranquillit\u00e0 di sapere che ogni transazione \u00e8 protetta. Semplifica la tua vita finanziaria con pochi semplici passaggi e goditi la tranquillit\u00e0 di sapere che ogni transazione \u00e8 protetta. entra in un circuito economico etico deflazionabile e alternativo all'euro","email":"admin@dinastycoin.club","legalName":"ente dinastycoin club","foundingDate":"2024-01-01","actionableFeedbackPolicy":"https:\/\/entedinastycoinclub.org\/en\/?page_id=9110","correctionsPolicy":"https:\/\/entedinastycoinclub.org\/en\/?page_id=9110"}]}},"brizy_media":[],"_links":{"self":[{"href":"https:\/\/entedinastycoinclub.org\/en\/wp-json\/wp\/v2\/pages\/7120","targetHints":{"allow":["GET"]}}],"collection":[{"href":"https:\/\/entedinastycoinclub.org\/en\/wp-json\/wp\/v2\/pages"}],"about":[{"href":"https:\/\/entedinastycoinclub.org\/en\/wp-json\/wp\/v2\/types\/page"}],"author":[{"embeddable":true,"href":"https:\/\/entedinastycoinclub.org\/en\/wp-json\/wp\/v2\/users\/1"}],"replies":[{"embeddable":true,"href":"https:\/\/entedinastycoinclub.org\/en\/wp-json\/wp\/v2\/comments?post=7120"}],"version-history":[{"count":5,"href":"https:\/\/entedinastycoinclub.org\/en\/wp-json\/wp\/v2\/pages\/7120\/revisions"}],"predecessor-version":[{"id":10069,"href":"https:\/\/entedinastycoinclub.org\/en\/wp-json\/wp\/v2\/pages\/7120\/revisions\/10069"}],"wp:attachment":[{"href":"https:\/\/entedinastycoinclub.org\/en\/wp-json\/wp\/v2\/media?parent=7120"}],"curies":[{"name":"wp","href":"https:\/\/api.w.org\/{rel}","templated":true}]}}