{"id":7092,"date":"2024-04-23T21:02:29","date_gmt":"2024-04-23T21:02:29","guid":{"rendered":"https:\/\/entedinastycoinclub.org\/?page_id=7092"},"modified":"2024-04-23T21:10:02","modified_gmt":"2024-04-23T21:10:02","slug":"earning-disclaimer","status":"publish","type":"page","link":"https:\/\/entedinastycoinclub.org\/en\/earning-disclaimer\/","title":{"rendered":"Earning Disclaimer"},"content":{"rendered":"<div data-elementor-type=\"wp-page\" data-elementor-id=\"7092\" class=\"elementor elementor-7092\" data-elementor-post-type=\"page\">\n\t\t\t\t<div class=\"elementor-element elementor-element-10c1260 e-flex e-con-boxed e-con e-parent\" data-id=\"10c1260\" data-element_type=\"container\" data-e-type=\"container\">\n\t\t\t\t\t<div class=\"e-con-inner\">\n\t\t\t\t<div class=\"elementor-element elementor-element-f344ab8 elementor-widget elementor-widget-text-editor\" data-id=\"f344ab8\" data-element_type=\"widget\" data-e-type=\"widget\" data-widget_type=\"text-editor.default\">\n\t\t\t\t<div class=\"elementor-widget-container\">\n\t\t\t\t\t\t\t\t\t<p><strong>These Terms and Conditions exist for the benefit of Ente Trust Dinastycoinclub beneficiaries.\u00a0 at its sole discretion, reserves the right to terminate the account of any member caught in violation of the Terms and Conditions without notice.\u00a0<\/strong><\/p><p>1. Illegal activity. Members may not present <b>ente Trust Dinastycoin.club <\/b>promotions on any page, newsgroup, email or any distribution method that is regarded objectionable by <b>ente Trust Dinastycoin.club<\/b>, its Internet Service Providers, or otherwise considered unlawful according to any controlling legal authority. This includes, but is not limited to, pornography, computer viruses, prostitution, obscenity or Spam.<\/p><p>2. Third-Party Liability. <b>ente Trust Dinastycoin.club<\/b>\u00a0will in no way be liable for the actions of third parties that may in any way cause members harm.<\/p><p>3.\u00a0<strong>Terms and Conditions<\/strong>. <b>ente Trust Dinastycoin.club<\/b><strong>\u00a0<\/strong>reserves the right to update, modify, add or change the t<a href=\"https:\/\/entedinastycoinclub.org\/en\/termini-duso\/\">erms and conditions<\/a>\u00a0without notice.<\/p><p>4.\u00a0<strong>Association Fee<\/strong>. Our community is free, but Donations in Bitcoin or Dinastycoin are very much appreciate to help us to pay all costs we have to continue in our goals.<\/p><p>5. The Members can be canceled anytime by the administrator without giving any reason if\u00a0\u00a0 member is operating in conflict with <b>ente Trust Dinastycoin.club<\/b>\u00a0terms and conditions.<\/p><p>6.Partecipating to <b>Dinastycoin.club community <\/b>is free, voluntary donation is welcome<\/p><p>7. We Accept donations payment through\u00a0<strong>BITCOIN<\/strong>\u00a0and\u00a0<strong>Dinastycoin<\/strong>\u00a0which we provide in our back office.<\/p><p>8. Any member acting unethical or unprofessional may be removed without refund at the sole discretion of <b>ente Trust Dinastycoin.club<\/b>\u00a0with all future commissions or products usage forfeited.<\/p><p>9.\u00a0<strong>Membership Cancellation<\/strong>. Membership at\u00a0 <b>Dinastycoin.club <\/b>is voluntary and therefore may be canceled at any time by the member. <b>ente Trust Dinastycoin.club <\/b>will only cancel\/terminate a beneficiary if it\u2019s deemed that the member is operating in conflict with <b>ente Trust Dinastycoin.club<\/b>\u00a0terms and conditions.<\/p><p>10.\u00a0<strong>Cancellation\/Termination of membership<\/strong>. Any beneficiary that is canceled\/terminated will forfeit all benefits and privileges associated with <b>ente Trust Dinastycoin.club<\/b>. Any positions held in participating Programs owned by <b>ente Trust Dinastycoin.club<\/b> will also be forfeited and ownership will be reassigned to <b>ente Trust Dinastycoin.club.<\/b><\/p><p>11.\u00a0<strong>Relationship.<\/strong> A member is neither an employee nor an independent contractor of <b>ente Trust Dinastycoin.club<\/b>.<\/p><p>12.\u00a0<strong>Disputes<\/strong>. Agreements shall be interpreted under the laws.<\/p><p>13.\u00a0<strong>Private Information<\/strong>. <b>ente Trust Dinastycoin.club<\/b>\u00a0will never provide personal information about its members to third parties without the consent of the member unless required by law.<\/p><p>14.\u00a0<strong>Copyright Material<\/strong>. All branding, logos and graphics contained within <b>ente Trust Dinastycoin.club<\/b> are copyright use; distribution or copying of such content is expressly prohibited. <b>ente Trust Dinastycoin.club<\/b>\u00a0provides members with approved material for marketing within the members area.<\/p><p>15.\u00a0<strong>Damaging Intent<\/strong>. Any Member who engages in chat, email, postings or any other medium, content that is deemed damaging to <b>ente Trust Dinastycoin.club<\/b> and or its members will be terminated from<b>ente Trust Dinastycoin.club<\/b>. Depending on seriousness, <b>ente Trust Dinastycoin.club<\/b>\u00a0may deem it appropriate to exercise legal action.<\/p><p>16.\u00a0<strong>UCE\/UBE or SPAM<\/strong>. <b>ente Trust Dinastycoin.club<\/b> strictly prohibits the use of UCE or SPAM. This enforcement is at the sole discretion of <b>ente Trust Dinastycoin.club<\/b>\u00a0and for the benefit of all its members. Members proven to be participating in such activities will have their memberships canceled.<\/p><p>17.\u00a0<strong>Contact Information.<\/strong> It is the responsibility of members to keep their personal records up to date at the members area. <b>ente Trust Dinastycoin.club<\/b>\u00a0will not be responsible for communication error due to incorrect or out of date contact information. Continued failed attempts to make contact with you may result in the termination of your membership.<\/p><p>18.\u00a0<strong>Tax.<\/strong> You, the member, also if BITCOIN nor Dinastycoin isn\u2019t a taxable currency since Cryptocurrencies are not taxables, members are responsible for any and all taxes payable in you resident domicile or jurisdiction any time they convert Bitcoin to Fiat Currency, for any income you receive either from <b>ente Trust Dinastycoin.club<\/b><strong>\u00a0<\/strong>or any program promoted via the <b>Dinastycoin.club<\/b> web app.<\/p>\t\t\t\t\t\t\t\t<\/div>\n\t\t\t\t<\/div>\n\t\t\t\t\t<\/div>\n\t\t\t\t<\/div>\n\t\t\t\t<\/div>","protected":false},"excerpt":{"rendered":"<p>These Terms and Conditions exist for the benefit of Ente Trust Dinastycoinclub beneficiaries.\u00a0 at its sole discretion, reserves the right to terminate the account of any member caught in violation of the Terms and Conditions without notice.\u00a0 1. Illegal activity. Members may not present ente Trust Dinastycoin.club promotions on any [&hellip;]<\/p>\n","protected":false},"author":1,"featured_media":0,"parent":0,"menu_order":0,"comment_status":"closed","ping_status":"closed","template":"","meta":{"inline_featured_image":false,"inspiro_page_layout":"narrow","inspiro_hide_title":false,"footnotes":""},"class_list":["post-7092","page","type-page","status-publish","hentry"],"yoast_head":"<!-- This site is optimized with the Yoast SEO Premium plugin v25.0 (Yoast SEO v27.5) - https:\/\/yoast.com\/product\/yoast-seo-premium-wordpress\/ -->\n<title>Earning Disclaimer - Dinastycoin Club<\/title>\n<meta name=\"robots\" content=\"index, follow, max-snippet:-1, max-image-preview:large, max-video-preview:-1\" \/>\n<link rel=\"canonical\" href=\"https:\/\/entedinastycoinclub.org\/en\/earning-disclaimer\/\" \/>\n<meta property=\"og:locale\" content=\"en_GB\" \/>\n<meta property=\"og:type\" content=\"article\" \/>\n<meta property=\"og:title\" content=\"Earning Disclaimer\" \/>\n<meta property=\"og:description\" content=\"These Terms and Conditions exist for the benefit of Ente Trust Dinastycoinclub beneficiaries.\u00a0 at its sole discretion, reserves the right to terminate the account of any member caught in violation of the Terms and Conditions without notice.\u00a0 1. Illegal activity. Members may not present ente Trust Dinastycoin.club promotions on any [&hellip;]\" \/>\n<meta property=\"og:url\" content=\"https:\/\/entedinastycoinclub.org\/en\/earning-disclaimer\/\" \/>\n<meta property=\"og:site_name\" content=\"Dinastycoin Club\" \/>\n<meta property=\"article:publisher\" content=\"https:\/\/facebook.com\/dinastycoin\" \/>\n<meta property=\"article:modified_time\" content=\"2024-04-23T21:10:02+00:00\" \/>\n<meta property=\"og:image\" content=\"https:\/\/entedinastycoinclub.org\/wp-content\/uploads\/2024\/08\/mail-thumbnail.png\" \/>\n\t<meta property=\"og:image:width\" content=\"1080\" \/>\n\t<meta property=\"og:image:height\" content=\"1080\" \/>\n\t<meta property=\"og:image:type\" content=\"image\/png\" \/>\n<meta name=\"twitter:card\" content=\"summary_large_image\" \/>\n<meta name=\"twitter:site\" content=\"@dinastycoin\" \/>\n<meta name=\"twitter:label1\" content=\"Est. reading time\" \/>\n\t<meta name=\"twitter:data1\" content=\"3 minutes\" \/>\n<script type=\"application\/ld+json\" class=\"yoast-schema-graph\">{\"@context\":\"https:\\\/\\\/schema.org\",\"@graph\":[{\"@type\":\"WebPage\",\"@id\":\"https:\\\/\\\/entedinastycoinclub.org\\\/earning-disclaimer\\\/\",\"url\":\"https:\\\/\\\/entedinastycoinclub.org\\\/earning-disclaimer\\\/\",\"name\":\"Earning Disclaimer - Dinastycoin Club\",\"isPartOf\":{\"@id\":\"https:\\\/\\\/entedinastycoinclub.org\\\/#website\"},\"datePublished\":\"2024-04-23T21:02:29+00:00\",\"dateModified\":\"2024-04-23T21:10:02+00:00\",\"breadcrumb\":{\"@id\":\"https:\\\/\\\/entedinastycoinclub.org\\\/earning-disclaimer\\\/#breadcrumb\"},\"inLanguage\":\"en-GB\",\"potentialAction\":[{\"@type\":\"ReadAction\",\"target\":[\"https:\\\/\\\/entedinastycoinclub.org\\\/earning-disclaimer\\\/\"]}]},{\"@type\":\"BreadcrumbList\",\"@id\":\"https:\\\/\\\/entedinastycoinclub.org\\\/earning-disclaimer\\\/#breadcrumb\",\"itemListElement\":[{\"@type\":\"ListItem\",\"position\":1,\"name\":\"Home\",\"item\":\"https:\\\/\\\/entedinastycoinclub.org\\\/\"},{\"@type\":\"ListItem\",\"position\":2,\"name\":\"Earning Disclaimer\"}]},{\"@type\":\"WebSite\",\"@id\":\"https:\\\/\\\/entedinastycoinclub.org\\\/#website\",\"url\":\"https:\\\/\\\/entedinastycoinclub.org\\\/\",\"name\":\"Ente Dinastycoin club\",\"description\":\"Un nuovo sistema di pagamento etico deflazionabile fuodi dall&#039;euro\",\"publisher\":{\"@id\":\"https:\\\/\\\/entedinastycoinclub.org\\\/#organization\"},\"potentialAction\":[{\"@type\":\"SearchAction\",\"target\":{\"@type\":\"EntryPoint\",\"urlTemplate\":\"https:\\\/\\\/entedinastycoinclub.org\\\/?s={search_term_string}\"},\"query-input\":{\"@type\":\"PropertyValueSpecification\",\"valueRequired\":true,\"valueName\":\"search_term_string\"}}],\"inLanguage\":\"en-GB\"},{\"@type\":\"Organization\",\"@id\":\"https:\\\/\\\/entedinastycoinclub.org\\\/#organization\",\"name\":\"Ente Dinastycoin club\",\"url\":\"https:\\\/\\\/entedinastycoinclub.org\\\/\",\"logo\":{\"@type\":\"ImageObject\",\"inLanguage\":\"en-GB\",\"@id\":\"https:\\\/\\\/entedinastycoinclub.org\\\/#\\\/schema\\\/logo\\\/image\\\/\",\"url\":\"https:\\\/\\\/entedinastycoinclub.org\\\/wp-content\\\/uploads\\\/2024\\\/03\\\/dcycoinclubtrust.png\",\"contentUrl\":\"https:\\\/\\\/entedinastycoinclub.org\\\/wp-content\\\/uploads\\\/2024\\\/03\\\/dcycoinclubtrust.png\",\"width\":500,\"height\":199,\"caption\":\"Ente Dinastycoin club\"},\"image\":{\"@id\":\"https:\\\/\\\/entedinastycoinclub.org\\\/#\\\/schema\\\/logo\\\/image\\\/\"},\"sameAs\":[\"https:\\\/\\\/facebook.com\\\/dinastycoin\",\"https:\\\/\\\/x.com\\\/dinastycoin\",\"https:\\\/\\\/mastodon.social\\\/@dinastycoinclub\",\"https:\\\/\\\/instagram.com\\\/dinastycoinofficial\"],\"description\":\"Il modo pi\u00f9 semplice di pagare e ricevere denaro Semplifica la tua vita finanziaria con pochi semplici passaggi e goditi la tranquillit\u00e0 di sapere che ogni transazione \u00e8 protetta. Semplifica la tua vita finanziaria con pochi semplici passaggi e goditi la tranquillit\u00e0 di sapere che ogni transazione \u00e8 protetta. entra in un circuito economico etico deflazionabile e alternativo all'euro\",\"email\":\"admin@dinastycoin.club\",\"legalName\":\"ente dinastycoin club\",\"foundingDate\":\"2024-01-01\",\"actionableFeedbackPolicy\":\"https:\\\/\\\/entedinastycoinclub.org\\\/en\\\/?page_id=9110\",\"correctionsPolicy\":\"https:\\\/\\\/entedinastycoinclub.org\\\/en\\\/?page_id=9110\"}]}<\/script>\n<!-- \/ Yoast SEO Premium plugin. -->","yoast_head_json":{"title":"Earning Disclaimer - Dinastycoin Club","robots":{"index":"index","follow":"follow","max-snippet":"max-snippet:-1","max-image-preview":"max-image-preview:large","max-video-preview":"max-video-preview:-1"},"canonical":"https:\/\/entedinastycoinclub.org\/en\/earning-disclaimer\/","og_locale":"en_GB","og_type":"article","og_title":"Earning Disclaimer","og_description":"These Terms and Conditions exist for the benefit of Ente Trust Dinastycoinclub beneficiaries.\u00a0 at its sole discretion, reserves the right to terminate the account of any member caught in violation of the Terms and Conditions without notice.\u00a0 1. Illegal activity. Members may not present ente Trust Dinastycoin.club promotions on any [&hellip;]","og_url":"https:\/\/entedinastycoinclub.org\/en\/earning-disclaimer\/","og_site_name":"Dinastycoin Club","article_publisher":"https:\/\/facebook.com\/dinastycoin","article_modified_time":"2024-04-23T21:10:02+00:00","og_image":[{"width":1080,"height":1080,"url":"https:\/\/entedinastycoinclub.org\/wp-content\/uploads\/2024\/08\/mail-thumbnail.png","type":"image\/png"}],"twitter_card":"summary_large_image","twitter_site":"@dinastycoin","twitter_misc":{"Est. reading time":"3 minutes"},"schema":{"@context":"https:\/\/schema.org","@graph":[{"@type":"WebPage","@id":"https:\/\/entedinastycoinclub.org\/earning-disclaimer\/","url":"https:\/\/entedinastycoinclub.org\/earning-disclaimer\/","name":"Earning Disclaimer - Dinastycoin Club","isPartOf":{"@id":"https:\/\/entedinastycoinclub.org\/#website"},"datePublished":"2024-04-23T21:02:29+00:00","dateModified":"2024-04-23T21:10:02+00:00","breadcrumb":{"@id":"https:\/\/entedinastycoinclub.org\/earning-disclaimer\/#breadcrumb"},"inLanguage":"en-GB","potentialAction":[{"@type":"ReadAction","target":["https:\/\/entedinastycoinclub.org\/earning-disclaimer\/"]}]},{"@type":"BreadcrumbList","@id":"https:\/\/entedinastycoinclub.org\/earning-disclaimer\/#breadcrumb","itemListElement":[{"@type":"ListItem","position":1,"name":"Home","item":"https:\/\/entedinastycoinclub.org\/"},{"@type":"ListItem","position":2,"name":"Earning Disclaimer"}]},{"@type":"WebSite","@id":"https:\/\/entedinastycoinclub.org\/#website","url":"https:\/\/entedinastycoinclub.org\/","name":"Ente Dinastycoin club","description":"Un nuovo sistema di pagamento etico deflazionabile fuodi dall&#039;euro","publisher":{"@id":"https:\/\/entedinastycoinclub.org\/#organization"},"potentialAction":[{"@type":"SearchAction","target":{"@type":"EntryPoint","urlTemplate":"https:\/\/entedinastycoinclub.org\/?s={search_term_string}"},"query-input":{"@type":"PropertyValueSpecification","valueRequired":true,"valueName":"search_term_string"}}],"inLanguage":"en-GB"},{"@type":"Organization","@id":"https:\/\/entedinastycoinclub.org\/#organization","name":"Ente Dinastycoin club","url":"https:\/\/entedinastycoinclub.org\/","logo":{"@type":"ImageObject","inLanguage":"en-GB","@id":"https:\/\/entedinastycoinclub.org\/#\/schema\/logo\/image\/","url":"https:\/\/entedinastycoinclub.org\/wp-content\/uploads\/2024\/03\/dcycoinclubtrust.png","contentUrl":"https:\/\/entedinastycoinclub.org\/wp-content\/uploads\/2024\/03\/dcycoinclubtrust.png","width":500,"height":199,"caption":"Ente Dinastycoin club"},"image":{"@id":"https:\/\/entedinastycoinclub.org\/#\/schema\/logo\/image\/"},"sameAs":["https:\/\/facebook.com\/dinastycoin","https:\/\/x.com\/dinastycoin","https:\/\/mastodon.social\/@dinastycoinclub","https:\/\/instagram.com\/dinastycoinofficial"],"description":"Il modo pi\u00f9 semplice di pagare e ricevere denaro Semplifica la tua vita finanziaria con pochi semplici passaggi e goditi la tranquillit\u00e0 di sapere che ogni transazione \u00e8 protetta. Semplifica la tua vita finanziaria con pochi semplici passaggi e goditi la tranquillit\u00e0 di sapere che ogni transazione \u00e8 protetta. entra in un circuito economico etico deflazionabile e alternativo all'euro","email":"admin@dinastycoin.club","legalName":"ente dinastycoin club","foundingDate":"2024-01-01","actionableFeedbackPolicy":"https:\/\/entedinastycoinclub.org\/en\/?page_id=9110","correctionsPolicy":"https:\/\/entedinastycoinclub.org\/en\/?page_id=9110"}]}},"brizy_media":[],"_links":{"self":[{"href":"https:\/\/entedinastycoinclub.org\/en\/wp-json\/wp\/v2\/pages\/7092","targetHints":{"allow":["GET"]}}],"collection":[{"href":"https:\/\/entedinastycoinclub.org\/en\/wp-json\/wp\/v2\/pages"}],"about":[{"href":"https:\/\/entedinastycoinclub.org\/en\/wp-json\/wp\/v2\/types\/page"}],"author":[{"embeddable":true,"href":"https:\/\/entedinastycoinclub.org\/en\/wp-json\/wp\/v2\/users\/1"}],"replies":[{"embeddable":true,"href":"https:\/\/entedinastycoinclub.org\/en\/wp-json\/wp\/v2\/comments?post=7092"}],"version-history":[{"count":4,"href":"https:\/\/entedinastycoinclub.org\/en\/wp-json\/wp\/v2\/pages\/7092\/revisions"}],"predecessor-version":[{"id":7096,"href":"https:\/\/entedinastycoinclub.org\/en\/wp-json\/wp\/v2\/pages\/7092\/revisions\/7096"}],"wp:attachment":[{"href":"https:\/\/entedinastycoinclub.org\/en\/wp-json\/wp\/v2\/media?parent=7092"}],"curies":[{"name":"wp","href":"https:\/\/api.w.org\/{rel}","templated":true}]}}