{"id":7083,"date":"2024-04-23T20:49:58","date_gmt":"2024-04-23T20:49:58","guid":{"rendered":"https:\/\/entedinastycoinclub.org\/?page_id=7083"},"modified":"2024-04-25T16:15:49","modified_gmt":"2024-04-25T16:15:49","slug":"termini-duso","status":"publish","type":"page","link":"https:\/\/entedinastycoinclub.org\/en\/termini-duso\/","title":{"rendered":"Termini d&#8217;uso"},"content":{"rendered":"<div data-elementor-type=\"wp-page\" data-elementor-id=\"7083\" class=\"elementor elementor-7083\" data-elementor-post-type=\"page\">\n\t\t\t\t<div class=\"elementor-element elementor-element-5a80571 e-flex e-con-boxed e-con e-parent\" data-id=\"5a80571\" data-element_type=\"container\" data-e-type=\"container\">\n\t\t\t\t\t<div class=\"e-con-inner\">\n\t\t\t\t<div class=\"elementor-element elementor-element-081a06f elementor-widget elementor-widget-text-editor\" data-id=\"081a06f\" data-element_type=\"widget\" data-e-type=\"widget\" data-widget_type=\"text-editor.default\">\n\t\t\t\t<div class=\"elementor-widget-container\">\n\t\t\t\t\t\t\t\t\t<p class=\"MsoNormal\" style=\"text-align: justify;\">Se si desidera navigare in questo sito , \u00e8 necessario accettare di conformarsi ed essere legalmente vincolato dai termini e dalle condizioni descritti di seguito.<\/p><p class=\"MsoNormal\" style=\"text-align: justify;\">Questa documento rappresenta le nostre Condizioni d&#8217;uso e di vendita (&#8220;Accordo&#8221;) relative all\u2019uso del sito web Entedinastycoinclub.org &#8220;Webapp&#8221;). \u00c8 stato pubblicato l&#8217;ultima volta il 25 aprile 2024. I termini &#8220;noi&#8221;, &#8220;ci&#8221; e &#8220;nostro&#8221; utilizzati nel presente Accordo si riferiscono al<b> club Ente Trust Dinastycoin<\/b>. Per nostro <b>Sito Web<\/b> si intende sempre\u00a0 entedinastycoinclub.org.<\/p><p class=\"MsoNormal\" style=\"text-align: justify;\">Ci riserviamo il diritto di modificare il presente Contratto in qualsiasi momento pubblicando i termini modificati nel sito Web. Ci riserviamo il diritto di pubblicare o meno avvisi sulla home page del sito Web quando si verificano tali modifiche.<\/p><p class=\"MsoNormal\" style=\"text-align: justify;\">Ci riferiamo al presente Contratto, alla nostra <a href=\"https:\/\/entedinastycoinclub.org\/en\/privacy\/\" target=\"_blank\" rel=\"noopener\"><span style=\"color: #38ab1e; mso-fareast-language: IT;\">Informativa sulla privacy<\/span><\/a> e a qualsiasi altro termine, regola o linea guida sul nostro <b>Sito Web<\/b> collettivamente come i nostri &#8220;Termini legali&#8221;. L&#8217;utente accetta esplicitamente e implicitamente di essere vincolato dai nostri Termini legali ogni volta che accede a dinastycoin.club. Se non si desidera essere vincolati in tal modo, si prega di non nabigare nel nostro sito web\u00a0.<\/p><h2>MINORI<\/h2><p class=\"MsoNormal\" style=\"text-align: justify;\">Non forniamo servizi n\u00e9 vendiamo prodotti ai bambini. Se hai meno di 18 anni, puoi navigare nel nostro sito web solo con il permesso e il coinvolgimento attivo di un genitore o tutore legale. Se sei minorenne, ti preghiamo di non fornire a noi o ad altri alcuna informazione personale.<\/p><p class=\"MsoNormal\"><b>SE NON SEI D&#8217;ACCORDO CON UNO QUALSIASI DI QUESTI TERMINI O CONDIZIONI, NON DEVI NAVIGARE NEL NOSTRO SITO WEB<\/b><\/p><h2>LA POLITICA ANTI-SPAM FA PARTE DI QUESTI TERMINI E CONDIZIONI<\/h2><p class=\"MsoNormal\" style=\"text-align: justify;\">La nostra politica anti-spam \u00e8 parte integrante e soggetta ai presenti termini e condizioni d&#8217;uso. Puoi consultare la nostra politica anti-spam su entedinastycoinclub.org.<\/p><h2>LA POLITICA DI DIVULGAZIONE DEI COMPENSI, SE PRESENTE, FA PARTE DI QUESTI TERMINI E CONDIZIONI<\/h2><p class=\"MsoNormal\" style=\"text-align: justify;\">Se esiste una Politica di divulgazione della retribuzione su entedinastycoinclub.org, la politica \u00e8 parte integrante e soggetta ai presenti termini e condizioni d&#8217;uso.<\/p><h2>Licenza limitata<\/h2><p class=\"MsoNormal\" style=\"text-align: justify;\">Concediamo all&#8217;utente una licenza non esclusiva, non trasferibile e revocabile per l&#8217;accesso e l&#8217;utilizzo del nostro sito web\u00a0al fine di effettuare acquisti presso le attivit\u00e0 commerciali e professionali affiliate, rigorosamente in conformit\u00e0 con i nostri Termini legali.<\/p><h2>Diritti d&#8217;autore e marchi registrati<\/h2><p class=\"MsoNormal\" style=\"text-align: justify;\">Salvo diversa indicazione, tutti i materiali, inclusi, a titolo esemplificativo ma non esaustivo, loghi, nomi di marchi, immagini, disegni, fotografie, video clip e materiali scritti e di altro tipo che appaiono come parte della nostra Webapp sono diritti d&#8217;autore, marchi commerciali, marchi di servizio, segni distintivi e\/o altre propriet\u00e0 intellettuali, registrate o non registrate (&#8220;Propriet\u00e0 intellettuale&#8221;) di nostra propriet\u00e0, controllate o concesse in licenza. La nostra WebApp nel suo complesso \u00e8 protetta dal diritto d&#8217;autore e dall&#8217;immagine commerciale. Nulla di quanto contenuto nella nostra WebApp deve essere interpretato come concessione, per implicazione, preclusione o altro, di qualsiasi licenza o diritto di utilizzare qualsiasi propriet\u00e0 intellettuale visualizzata o utilizzata nella nostra Webapp senza il previo consenso scritto del proprietario della propriet\u00e0 intellettuale. Applichiamo aggressivamente i suoi diritti di propriet\u00e0 intellettuale nella misura massima consentita dalla legge. I nomi e i loghi di Dinastycoin.club, non possono essere utilizzati in alcun modo, anche nella pubblicit\u00e0 o nella pubblicit\u00e0 relativa alla distribuzione di materiali nella nostra Webapp, senza previa autorizzazione scritta da parte nostra. Vietiamo l&#8217;uso di qualsiasi logo dell<b>&#8216;Ente Dinastycoin club<\/b> o della WEBAPP o di uno qualsiasi dei suoi affiliati come parte di un collegamento da o verso qualsiasi sito Web, a meno che <b>l&#8217;Ente Dinastycoin club\u00a0 non <\/b>approvi tale collegamento in anticipo e per iscritto. L&#8217;uso corretto della <b>\u00a0propriet\u00e0 intellettuale del club Ente Dinastycoin<\/b> richiede un adeguato riconoscimento. Altri nomi di prodotti e societ\u00e0 menzionati nel nostra WebApp possono essere propriet\u00e0 intellettuale dei rispettivi proprietari.<\/p><p class=\"MsoListParagraphCxSpMiddle\" style=\"margin-left: 0cm; mso-add-space: auto;\">O<\/p><p class=\"MsoListParagraphCxSpLast\" style=\"margin-left: 0cm; mso-add-space: auto;\">\u00a0<\/p><p class=\"MsoNormal\">\u00a0<\/p><h2>CONTENUTI OSCENI E OFFENSIVI<\/h2><p class=\"MsoNormal\" style=\"text-align: justify;\">Non siamo responsabili per eventuali contenuti osceni o offensivi che ricevi o visualizzi da altri durante l&#8217;utilizzo della nostra Webapp. Tuttavia, se ricevi o visualizzi tali contenuti, contatta il nostro help desk in modo che possiamo indagare sulla questione. Sebbene non siamo obbligati a farlo, ci riserviamo il diritto di monitorare, indagare e rimuovere il materiale osceno o offensivo pubblicato nella nostra WebApp<\/p><h2>Collegamenti a siti Web di terze parti<\/h2><p class=\"MsoNormal\" style=\"text-align: justify;\">La nostra WEBAPP \u00a0pu\u00f2 contenere collegamenti a siti Web di propriet\u00e0 o gestiti da soggetti diversi da <b>Ente Dinastycoin club<\/b> tali collegamenti sono forniti solo come riferimento. <b>Ente Dinastycoin club<\/b> non monitora n\u00e9 controlla i siti web esterni e non \u00e8 responsabile del loro contenuto. L <b>\u00a0&#8216;inclusione di link a un sito web esterno da parte di Ente Dinastycoin club non implica alcuna approvazione del materiale presente nella nostra webapp o, se non diversamente specificato, alcuna sponsorizzazione, affiliazione o associazione con il suo proprietario, operatore o sponsor, n\u00e9 <\/b>\u00a0l&#8217;inclusione dei link\u00a0 da parte di Ente Dinastycoin club implica che <b>Ente Dinastycoin club<\/b>\u00a0\u00e8 autorizzato a utilizzare qualsiasi nome commerciale, marchio, logo, sigillo legale o ufficiale o simbolo protetto da copyright che possa riflettersi nel sito Web collegato.<\/p><h2>Content Disclaimer<\/h2><p class=\"MsoNormal\" style=\"text-align: justify;\">Le pubblicazioni nella nostra WebApp vengono effettuate nei momenti stabiliti da <b>Ente Trust dinastycoinclub<\/b> a sua discrezione. L&#8217;utente non deve presumere che le informazioni contenute nella nostra Webapp siano state aggiornate o contengano in altro modo informazioni aggiornate.\u00a0<b>L&#8217;Ente Dinastycoin club<\/b> non esamina le informazioni passate per determinare se rimangono accurate e se tali le informazioni potrebbero essere state sostituite. LE INFORMAZIONI E I MATERIALI NELLA NOSTRA WEBAPP SONO FORNITI PER LA TUA REVISIONE IN CONFORMIT\u00c0 CON GLI AVVISI, I TERMINI E LE CONDIZIONI QUI STABILITI. QUESTI MATERIALI NON SONO GARANTITI O RAPPRESENTATI COME COMPLETI, CORRETTI O AGGIORNATI. QUESTI MATERIALI POSSONO ESSERE MODIFICATI DI VOLTA IN VOLTA SENZA PREAVVISO.<\/p><h2>Esclusione di responsabilit\u00e0 e consulenza legale<\/h2><p class=\"MsoNormal\" style=\"text-align: justify;\">L&#8217;utente \u00e8 consapevole che nel Centro commerciale sono abilitati negozi e servizi professionali che offrono prodotti e servizi dei quali non siamo responsabili direttamente. Ciascuna attivit\u00e0 commerciale\u00a0 o professionale risponde personalmente dei propri prodotti e servizi messi in vendita e delle relative spedizioni. Tuttavia nel caso di problemi generati dagli acquisti nei singoli negozi per eventuali contestazioni l\u2019ente dinastycoinclub se interpellato pu\u00f2 contribuire alle mediazione, senza assumersi responsabilit\u00e0 in merito.<\/p><h2>Nessuna garanzia; Esclusione di responsabilit\u00e0; Indennizzo<\/h2><p class=\"MsoNormal\" style=\"text-align: justify;\">LA NOSTRA WEBAPP \u00c8 GESTITA DA <b>Ente trust Dinastycoin club<\/b> COS\u00cc COM&#8217;\u00c8, &#8220;COME DISPONIBILE&#8221;, SENZA DICHIARAZIONI O GARANZIE DI ALCUN TIPO. NELLA MISURA MASSIMA CONSENTITA DALLA LEGGE, <b>Ente trust Dinastycoin club <\/b>DECLINA SPECIFICAMENTE TUTTE LE GARANZIE E LE CONDIZIONI DI QUALSIASI TIPO, COMPRESE TUTTE LE GARANZIE E LE CONDIZIONI IMPLICITE DI COMMERCIABILIT\u00c0, IDONEIT\u00c0 PER UNO SCOPO PARTICOLARE, TITOLO E NON VIOLAZIONE PER LA NOSTRA WEBAPP E QUALSIASI CONTRATTO E SERVIZIO ACQUISTATO ATTRAVERSO DI ESSO. <b>L&#8217;Ente Trust Dinastycoin club<\/b> NON HA ALCUNA RESPONSABILIT\u00c0 PER EVENTUALI ERRORI O OMISSIONI NEL CONTENUTO DELLA NOSTRA WEBAPP, PER CONTRATTI O SERVIZI VENDUTI ATTRAVERSO LA NOSTRA WEBAPP PER L&#8217;AZIONE O L&#8217;INAZIONE DELL&#8217;UTENTE IN RELAZIONE ALLA NOSTRA WEBAPP O PER EVENTUALI DANNI AL COMPUTER O AI DATI O QUALSIASI ALTRO DANNO IN CUI L&#8217;UTENTE POSSA INCORRERE IN RELAZIONE ALLA NOSTRA WEBAPP. L&#8217;UTILIZZO DELLA NOSTRA WEBAPP E DI QUALSIASI CONTRATTO O SERVIZIO \u00c8 A PROPRIO RISCHIO. IN NESSUN CASO <b>L&#8217;Ente trust Dinastycoin club<\/b> o il Comitato del Trust o I SUOI AGENTI \u00a0e collaboratori SARANNO RESPONSABILI PER QUALSIASI DANNO DIRETTO, INDIRETTO, PUNITIVO, INCIDENTALE, SPECIALE O CONSEQUENZIALE DERIVANTE DA O IN QUALSIASI MODO CONNESSO CON L&#8217;USO DELLA NOSTRA WEBAPP DEI PRODOTTI \u00a0E DEI SERVIZI ACQUISTATI ATTRAVERSO LA NOSTRA WEBAPP,\u00a0 IL RITARDO O L&#8217;IMPOSSIBILIT\u00c0 DI UTILIZZARE LA NOSTRA WEBAPP O ALTRIMENTI DERIVANTI IN CONNESSIONE CON LA NOSTRA WEBAPP,\u00a0 PRODOTTI O SERVIZI CORRELATI, SIANO ESSI BASATI SU PRODOTTI, ILLECITI, RESPONSABILIT\u00c0 OGGETTIVA O ALTRO, ANCHE SE AVVISATI DELLA POSSIBILIT\u00c0 DI TALI DANNI. <b>LA RESPONSABILITA&#8217; DELL&#8217;ENTE TRUST DINASTYCOIN CLUB<\/b> E\u2019 IN TUTTI I CASI\u00a0 DEVE ESSERE DEMANDATA ALL\u2019ATTIVITA\u2019 COMMERCIALE O PROFESSIONALE CHE HA FORNITO IL PRODOTTO O SERVIZIO CHE HA CAUSATO TALI DANNI E QUALSIASI RICHIESTA DI RISARCIMENTO ALL\u2019ATTIVITA\u2019 COMMERCIALE O SERVIZIO PROFESSIONALE AFFILIATO NELLA COMUNITA\u2019 DINASTYCOIN.CLUB SUPERER\u00c0 L&#8217;IMPORTO PAGATO DALL&#8217;UTENTE A TALE ATTIVITA\u2019 COMMERCIALE O PROFESSIONALE PER LA TRANSAZIONE CHE HA DATO ORIGINE A TALE RICHIESTA DI RISARCIMENTO DANNI.<\/p><p class=\"MsoNormal\" style=\"text-align: justify;\">ALCUNE GIURISDIZIONI NON CONSENTONO L&#8217;ESCLUSIONE O LA LIMITAZIONE DI DANNI INCIDENTALI O CONSEQUENZIALI, PERTANTO L&#8217;ESCLUSIONE DI CUI SOPRA POTREBBE NON ESSERE APPLICABILE.<\/p><p class=\"MsoNormal\" style=\"text-align: justify;\">SENZA LIMITARE QUANTO SOPRA, <b>Ente TRUST Dinastycoin club<\/b> NON DICHIARA O GARANTISCE CHE LE INFORMAZIONI FORNITE NELLA SUA WEBAPP SIANO ACCURATE, COMPLETE, AFFIDABILI, UTILI, TEMPESTIVE O AGGIORNATE O CHE ILA NOSTRA WEBAPP FUNZIONER\u00c0 SENZA INTERRUZIONI O ERRORI.<\/p><p class=\"MsoNormal\" style=\"text-align: justify;\">L&#8217;UTENTE ACCETTA CHE SI RIVOLGER\u00c0 SEMPRE ALLE ATTIVITA\u2019 COMMERCIALI E PROFESSIONALI DA CUI ACQUISTA I PRODOTTI O SERVIZI PER QUALSIASI RECLAMO DI QUALSIASI NATURA, INCLUSI PERDITE, DANNI O GARANZIE. <b>Ente trust Dinastycoin club<\/b> E I RISPETTIVI AFFILIATI NON RILASCIANO ALCUNA DICHIARAZIONE O GARANZIA IN MERITO A PRODOTTI O SERVIZI OFFERTI ATTRAVERSO LA NOSTRA WEBAPP.<\/p><p class=\"MsoNormal\" style=\"text-align: justify;\"><b>Ente Trust Dinastycoin club<\/b> NON RILASCIA ALCUNA DICHIARAZIONE IN MERITO AL FATTO CHE I CONTENUTI FORNITI SULLA NOSTRA WEBAPP, SUI PRODOTTI O SUI SERVIZI CORRELATI SIANO APPLICABILI O APPROPRIATI PER L&#8217;USO IN TUTTE LE GIURISDIZIONI.<\/p><h2>Indennizzo<\/h2><p class=\"MsoNormal\" style=\"text-align: justify;\">L&#8217;utente accetta di difendere, indennizzare e tenere <b>indenne Ente trust Dinastycoin club<\/b> da e contro qualsiasi reclamo, danno, costo e spesa, comprese le spese legali, derivanti da o relativi all&#8217;utilizzo della nostra webapp o di qualsiasi prodotto o servizio acquistato tramite esso.<\/p><h2>ANTI-SPAM POLICY<\/h2><p class=\"MsoNormal\" style=\"text-align: justify;\">Odiamo le e-mail commerciali indesiderate tanto quanto te. Conosciuto anche come Spam o posta indesiderata, \u00e8 un disservizio per la comunit\u00e0 di Internet.<\/p><p class=\"MsoNormal\" style=\"text-align: justify;\">Approviamo e rispettiamo pienamente i requisiti del CAN-SPAM Act del 2003 (Controlling the Assault of Non-Solicited Pornography and Marketing Act) e tutte le altre leggi applicabili in materia di e-mail commerciali non richieste.<\/p><p class=\"MsoNormal\" style=\"text-align: justify;\">Se ti iscrivi a newsletter elettroniche o ad altre comunicazioni da parte nostra o del nostro Sito Web, avrai sempre la possibilit\u00e0 di annullare immediatamente l&#8217;iscrizione.<\/p><p class=\"MsoNormal\" style=\"text-align: justify;\">Se hai ulteriori domande, commenti o dubbi, contatta il nostro help desk e forniscici le informazioni relative alla tua preoccupazione.<\/p><p class=\"MsoNormal\" style=\"text-align: justify;\">Puoi anche inviarci le tue preoccupazioni al seguente indirizzo: support at entedinastycoinclub.org<\/p><p class=\"MsoNormal\">\u00a0<\/p><p>\u00a0<\/p><p class=\"MsoNormal\">\u00a0<\/p>\t\t\t\t\t\t\t\t<\/div>\n\t\t\t\t<\/div>\n\t\t\t\t\t<\/div>\n\t\t\t\t<\/div>\n\t\t\t\t<\/div>","protected":false},"excerpt":{"rendered":"<p>Se si desidera navigare in questo sito , \u00e8 necessario accettare di conformarsi ed essere legalmente vincolato dai termini e dalle condizioni descritti di seguito. Questa documento rappresenta le nostre Condizioni d&#8217;uso e di vendita (&#8220;Accordo&#8221;) relative all\u2019uso del sito web Entedinastycoinclub.org &#8220;Webapp&#8221;). \u00c8 stato pubblicato l&#8217;ultima volta il 25 [&hellip;]<\/p>\n","protected":false},"author":1,"featured_media":0,"parent":0,"menu_order":0,"comment_status":"closed","ping_status":"closed","template":"","meta":{"inline_featured_image":false,"inspiro_page_layout":"narrow","inspiro_hide_title":false,"footnotes":""},"class_list":["post-7083","page","type-page","status-publish","hentry"],"yoast_head":"<!-- This site is optimized with the Yoast SEO Premium plugin v25.0 (Yoast SEO v27.4) - https:\/\/yoast.com\/product\/yoast-seo-premium-wordpress\/ -->\n<title>Termini d&#039;uso - Dinastycoin Club<\/title>\n<meta name=\"robots\" content=\"index, follow, max-snippet:-1, max-image-preview:large, max-video-preview:-1\" \/>\n<link rel=\"canonical\" href=\"https:\/\/entedinastycoinclub.org\/en\/termini-duso\/\" \/>\n<meta property=\"og:locale\" content=\"en_GB\" \/>\n<meta property=\"og:type\" content=\"article\" \/>\n<meta property=\"og:title\" content=\"Termini d&#039;uso\" \/>\n<meta property=\"og:description\" content=\"Se si desidera navigare in questo sito , \u00e8 necessario accettare di conformarsi ed essere legalmente vincolato dai termini e dalle condizioni descritti di seguito. Questa documento rappresenta le nostre Condizioni d&#8217;uso e di vendita (&#8220;Accordo&#8221;) relative all\u2019uso del sito web Entedinastycoinclub.org &#8220;Webapp&#8221;). \u00c8 stato pubblicato l&#8217;ultima volta il 25 [&hellip;]\" \/>\n<meta property=\"og:url\" content=\"https:\/\/entedinastycoinclub.org\/en\/termini-duso\/\" \/>\n<meta property=\"og:site_name\" content=\"Dinastycoin Club\" \/>\n<meta property=\"article:publisher\" content=\"https:\/\/facebook.com\/dinastycoin\" \/>\n<meta property=\"article:modified_time\" content=\"2024-04-25T16:15:49+00:00\" \/>\n<meta property=\"og:image\" content=\"https:\/\/entedinastycoinclub.org\/wp-content\/uploads\/2024\/08\/mail-thumbnail.png\" \/>\n\t<meta property=\"og:image:width\" content=\"1080\" \/>\n\t<meta property=\"og:image:height\" content=\"1080\" \/>\n\t<meta property=\"og:image:type\" content=\"image\/png\" \/>\n<meta name=\"twitter:card\" content=\"summary_large_image\" \/>\n<meta name=\"twitter:site\" content=\"@dinastycoin\" \/>\n<meta name=\"twitter:label1\" content=\"Est. reading time\" \/>\n\t<meta name=\"twitter:data1\" content=\"8 minutes\" \/>\n<script type=\"application\/ld+json\" class=\"yoast-schema-graph\">{\"@context\":\"https:\\\/\\\/schema.org\",\"@graph\":[{\"@type\":\"WebPage\",\"@id\":\"https:\\\/\\\/entedinastycoinclub.org\\\/termini-duso\\\/\",\"url\":\"https:\\\/\\\/entedinastycoinclub.org\\\/termini-duso\\\/\",\"name\":\"Termini d'uso - Dinastycoin Club\",\"isPartOf\":{\"@id\":\"https:\\\/\\\/entedinastycoinclub.org\\\/#website\"},\"datePublished\":\"2024-04-23T20:49:58+00:00\",\"dateModified\":\"2024-04-25T16:15:49+00:00\",\"breadcrumb\":{\"@id\":\"https:\\\/\\\/entedinastycoinclub.org\\\/termini-duso\\\/#breadcrumb\"},\"inLanguage\":\"en-GB\",\"potentialAction\":[{\"@type\":\"ReadAction\",\"target\":[\"https:\\\/\\\/entedinastycoinclub.org\\\/termini-duso\\\/\"]}]},{\"@type\":\"BreadcrumbList\",\"@id\":\"https:\\\/\\\/entedinastycoinclub.org\\\/termini-duso\\\/#breadcrumb\",\"itemListElement\":[{\"@type\":\"ListItem\",\"position\":1,\"name\":\"Home\",\"item\":\"https:\\\/\\\/entedinastycoinclub.org\\\/\"},{\"@type\":\"ListItem\",\"position\":2,\"name\":\"Termini d&#8217;uso\"}]},{\"@type\":\"WebSite\",\"@id\":\"https:\\\/\\\/entedinastycoinclub.org\\\/#website\",\"url\":\"https:\\\/\\\/entedinastycoinclub.org\\\/\",\"name\":\"Ente Dinastycoin club\",\"description\":\"Un nuovo sistema di pagamento etico deflazionabile fuodi dall&#039;euro\",\"publisher\":{\"@id\":\"https:\\\/\\\/entedinastycoinclub.org\\\/#organization\"},\"potentialAction\":[{\"@type\":\"SearchAction\",\"target\":{\"@type\":\"EntryPoint\",\"urlTemplate\":\"https:\\\/\\\/entedinastycoinclub.org\\\/?s={search_term_string}\"},\"query-input\":{\"@type\":\"PropertyValueSpecification\",\"valueRequired\":true,\"valueName\":\"search_term_string\"}}],\"inLanguage\":\"en-GB\"},{\"@type\":\"Organization\",\"@id\":\"https:\\\/\\\/entedinastycoinclub.org\\\/#organization\",\"name\":\"Ente Dinastycoin club\",\"url\":\"https:\\\/\\\/entedinastycoinclub.org\\\/\",\"logo\":{\"@type\":\"ImageObject\",\"inLanguage\":\"en-GB\",\"@id\":\"https:\\\/\\\/entedinastycoinclub.org\\\/#\\\/schema\\\/logo\\\/image\\\/\",\"url\":\"https:\\\/\\\/entedinastycoinclub.org\\\/wp-content\\\/uploads\\\/2024\\\/03\\\/dcycoinclubtrust.png\",\"contentUrl\":\"https:\\\/\\\/entedinastycoinclub.org\\\/wp-content\\\/uploads\\\/2024\\\/03\\\/dcycoinclubtrust.png\",\"width\":500,\"height\":199,\"caption\":\"Ente Dinastycoin club\"},\"image\":{\"@id\":\"https:\\\/\\\/entedinastycoinclub.org\\\/#\\\/schema\\\/logo\\\/image\\\/\"},\"sameAs\":[\"https:\\\/\\\/facebook.com\\\/dinastycoin\",\"https:\\\/\\\/x.com\\\/dinastycoin\",\"https:\\\/\\\/mastodon.social\\\/@dinastycoinclub\",\"https:\\\/\\\/instagram.com\\\/dinastycoinofficial\"],\"description\":\"Il modo pi\u00f9 semplice di pagare e ricevere denaro Semplifica la tua vita finanziaria con pochi semplici passaggi e goditi la tranquillit\u00e0 di sapere che ogni transazione \u00e8 protetta. Semplifica la tua vita finanziaria con pochi semplici passaggi e goditi la tranquillit\u00e0 di sapere che ogni transazione \u00e8 protetta. entra in un circuito economico etico deflazionabile e alternativo all'euro\",\"email\":\"admin@dinastycoin.club\",\"legalName\":\"ente dinastycoin club\",\"foundingDate\":\"2024-01-01\",\"actionableFeedbackPolicy\":\"https:\\\/\\\/entedinastycoinclub.org\\\/en\\\/?page_id=9110\",\"correctionsPolicy\":\"https:\\\/\\\/entedinastycoinclub.org\\\/en\\\/?page_id=9110\"}]}<\/script>\n<!-- \/ Yoast SEO Premium plugin. -->","yoast_head_json":{"title":"Termini d'uso - Dinastycoin Club","robots":{"index":"index","follow":"follow","max-snippet":"max-snippet:-1","max-image-preview":"max-image-preview:large","max-video-preview":"max-video-preview:-1"},"canonical":"https:\/\/entedinastycoinclub.org\/en\/termini-duso\/","og_locale":"en_GB","og_type":"article","og_title":"Termini d'uso","og_description":"Se si desidera navigare in questo sito , \u00e8 necessario accettare di conformarsi ed essere legalmente vincolato dai termini e dalle condizioni descritti di seguito. Questa documento rappresenta le nostre Condizioni d&#8217;uso e di vendita (&#8220;Accordo&#8221;) relative all\u2019uso del sito web Entedinastycoinclub.org &#8220;Webapp&#8221;). \u00c8 stato pubblicato l&#8217;ultima volta il 25 [&hellip;]","og_url":"https:\/\/entedinastycoinclub.org\/en\/termini-duso\/","og_site_name":"Dinastycoin Club","article_publisher":"https:\/\/facebook.com\/dinastycoin","article_modified_time":"2024-04-25T16:15:49+00:00","og_image":[{"width":1080,"height":1080,"url":"https:\/\/entedinastycoinclub.org\/wp-content\/uploads\/2024\/08\/mail-thumbnail.png","type":"image\/png"}],"twitter_card":"summary_large_image","twitter_site":"@dinastycoin","twitter_misc":{"Est. reading time":"8 minutes"},"schema":{"@context":"https:\/\/schema.org","@graph":[{"@type":"WebPage","@id":"https:\/\/entedinastycoinclub.org\/termini-duso\/","url":"https:\/\/entedinastycoinclub.org\/termini-duso\/","name":"Termini d'uso - Dinastycoin Club","isPartOf":{"@id":"https:\/\/entedinastycoinclub.org\/#website"},"datePublished":"2024-04-23T20:49:58+00:00","dateModified":"2024-04-25T16:15:49+00:00","breadcrumb":{"@id":"https:\/\/entedinastycoinclub.org\/termini-duso\/#breadcrumb"},"inLanguage":"en-GB","potentialAction":[{"@type":"ReadAction","target":["https:\/\/entedinastycoinclub.org\/termini-duso\/"]}]},{"@type":"BreadcrumbList","@id":"https:\/\/entedinastycoinclub.org\/termini-duso\/#breadcrumb","itemListElement":[{"@type":"ListItem","position":1,"name":"Home","item":"https:\/\/entedinastycoinclub.org\/"},{"@type":"ListItem","position":2,"name":"Termini d&#8217;uso"}]},{"@type":"WebSite","@id":"https:\/\/entedinastycoinclub.org\/#website","url":"https:\/\/entedinastycoinclub.org\/","name":"Ente Dinastycoin club","description":"Un nuovo sistema di pagamento etico deflazionabile fuodi dall&#039;euro","publisher":{"@id":"https:\/\/entedinastycoinclub.org\/#organization"},"potentialAction":[{"@type":"SearchAction","target":{"@type":"EntryPoint","urlTemplate":"https:\/\/entedinastycoinclub.org\/?s={search_term_string}"},"query-input":{"@type":"PropertyValueSpecification","valueRequired":true,"valueName":"search_term_string"}}],"inLanguage":"en-GB"},{"@type":"Organization","@id":"https:\/\/entedinastycoinclub.org\/#organization","name":"Ente Dinastycoin club","url":"https:\/\/entedinastycoinclub.org\/","logo":{"@type":"ImageObject","inLanguage":"en-GB","@id":"https:\/\/entedinastycoinclub.org\/#\/schema\/logo\/image\/","url":"https:\/\/entedinastycoinclub.org\/wp-content\/uploads\/2024\/03\/dcycoinclubtrust.png","contentUrl":"https:\/\/entedinastycoinclub.org\/wp-content\/uploads\/2024\/03\/dcycoinclubtrust.png","width":500,"height":199,"caption":"Ente Dinastycoin club"},"image":{"@id":"https:\/\/entedinastycoinclub.org\/#\/schema\/logo\/image\/"},"sameAs":["https:\/\/facebook.com\/dinastycoin","https:\/\/x.com\/dinastycoin","https:\/\/mastodon.social\/@dinastycoinclub","https:\/\/instagram.com\/dinastycoinofficial"],"description":"Il modo pi\u00f9 semplice di pagare e ricevere denaro Semplifica la tua vita finanziaria con pochi semplici passaggi e goditi la tranquillit\u00e0 di sapere che ogni transazione \u00e8 protetta. Semplifica la tua vita finanziaria con pochi semplici passaggi e goditi la tranquillit\u00e0 di sapere che ogni transazione \u00e8 protetta. entra in un circuito economico etico deflazionabile e alternativo all'euro","email":"admin@dinastycoin.club","legalName":"ente dinastycoin club","foundingDate":"2024-01-01","actionableFeedbackPolicy":"https:\/\/entedinastycoinclub.org\/en\/?page_id=9110","correctionsPolicy":"https:\/\/entedinastycoinclub.org\/en\/?page_id=9110"}]}},"brizy_media":[],"_links":{"self":[{"href":"https:\/\/entedinastycoinclub.org\/en\/wp-json\/wp\/v2\/pages\/7083","targetHints":{"allow":["GET"]}}],"collection":[{"href":"https:\/\/entedinastycoinclub.org\/en\/wp-json\/wp\/v2\/pages"}],"about":[{"href":"https:\/\/entedinastycoinclub.org\/en\/wp-json\/wp\/v2\/types\/page"}],"author":[{"embeddable":true,"href":"https:\/\/entedinastycoinclub.org\/en\/wp-json\/wp\/v2\/users\/1"}],"replies":[{"embeddable":true,"href":"https:\/\/entedinastycoinclub.org\/en\/wp-json\/wp\/v2\/comments?post=7083"}],"version-history":[{"count":5,"href":"https:\/\/entedinastycoinclub.org\/en\/wp-json\/wp\/v2\/pages\/7083\/revisions"}],"predecessor-version":[{"id":7116,"href":"https:\/\/entedinastycoinclub.org\/en\/wp-json\/wp\/v2\/pages\/7083\/revisions\/7116"}],"wp:attachment":[{"href":"https:\/\/entedinastycoinclub.org\/en\/wp-json\/wp\/v2\/media?parent=7083"}],"curies":[{"name":"wp","href":"https:\/\/api.w.org\/{rel}","templated":true}]}}