{"id":628,"date":"2009-05-06T11:43:24","date_gmt":"2009-05-06T16:43:24","guid":{"rendered":"https:\/\/entedinastycoinclub.org\/contact\/"},"modified":"2009-05-06T11:43:24","modified_gmt":"2009-05-06T16:43:24","slug":"contact","status":"publish","type":"page","link":"https:\/\/entedinastycoinclub.org\/en\/contact\/","title":{"rendered":"Contact"},"content":{"rendered":"<div data-elementor-type=\"wp-page\" data-elementor-id=\"628\" class=\"elementor elementor-628\" data-elementor-post-type=\"page\">\n\t\t\t\t\t\t<section class=\"elementor-section elementor-top-section elementor-element elementor-element-77e07669 elementor-section-boxed elementor-section-height-default elementor-section-height-default\" data-id=\"77e07669\" data-element_type=\"section\" data-e-type=\"section\">\n\t\t\t\t\t\t<div class=\"elementor-container elementor-column-gap-default\">\n\t\t\t\t\t\t<\/div>\n\t\t<\/section>\n\t\t\t\t<section class=\"elementor-section elementor-top-section elementor-element elementor-element-3c9dcd elementor-section-boxed elementor-section-height-default elementor-section-height-default\" data-id=\"3c9dcd\" data-element_type=\"section\" data-e-type=\"section\">\n\t\t\t\t\t\t<div class=\"elementor-container elementor-column-gap-default\">\n\t\t\t\t\t\t<\/div>\n\t\t<\/section>\n\t\t\t\t<section class=\"elementor-section elementor-top-section elementor-element elementor-element-18b1e625 elementor-section-boxed elementor-section-height-default elementor-section-height-default\" data-id=\"18b1e625\" data-element_type=\"section\" data-e-type=\"section\">\n\t\t\t\t\t\t<div class=\"elementor-container elementor-column-gap-default\">\n\t\t\t\t\t\t<\/div>\n\t\t<\/section>\n\t\t\t\t<section class=\"elementor-section elementor-top-section elementor-element elementor-element-1a71953 elementor-section-boxed elementor-section-height-default elementor-section-height-default\" data-id=\"1a71953\" data-element_type=\"section\" data-e-type=\"section\">\n\t\t\t\t\t\t<div class=\"elementor-container elementor-column-gap-default\">\n\t\t\t\t\t<div class=\"elementor-column elementor-col-100 elementor-top-column elementor-element elementor-element-7bf9e40c\" data-id=\"7bf9e40c\" data-element_type=\"column\" data-e-type=\"column\">\n\t\t\t<div class=\"elementor-widget-wrap elementor-element-populated\">\n\t\t\t\t\t\t<div class=\"elementor-element elementor-element-792e337b elementor-widget elementor-widget-heading\" data-id=\"792e337b\" data-element_type=\"widget\" data-e-type=\"widget\" data-widget_type=\"heading.default\">\n\t\t\t\t<div class=\"elementor-widget-container\">\n\t\t\t\t\t<h2 class=\"elementor-heading-title elementor-size-default\">Contact Us<\/h2>\t\t\t\t<\/div>\n\t\t\t\t<\/div>\n\t\t\t\t\t<\/div>\n\t\t<\/div>\n\t\t\t\t\t<\/div>\n\t\t<\/section>\n\t\t\t\t<section class=\"elementor-section elementor-top-section elementor-element elementor-element-354f6634 elementor-section-boxed elementor-section-height-default elementor-section-height-default\" data-id=\"354f6634\" data-element_type=\"section\" data-e-type=\"section\">\n\t\t\t\t\t\t<div class=\"elementor-container elementor-column-gap-wider\">\n\t\t\t\t\t<div class=\"elementor-column elementor-col-50 elementor-top-column elementor-element elementor-element-3e75818c\" data-id=\"3e75818c\" data-element_type=\"column\" data-e-type=\"column\">\n\t\t\t<div class=\"elementor-widget-wrap elementor-element-populated\">\n\t\t\t\t\t\t<div class=\"elementor-element elementor-element-68a66b3 elementor-widget elementor-widget-google_maps\" data-id=\"68a66b3\" data-element_type=\"widget\" data-e-type=\"widget\" data-widget_type=\"google_maps.default\">\n\t\t\t\t<div class=\"elementor-widget-container\">\n\t\t\t\t\t\t\t<div class=\"elementor-custom-embed\">\n\t\t\t<iframe loading=\"lazy\"\n\t\t\t\t\tsrc=\"https:\/\/maps.google.com\/maps?q=1500%20Broadway%2C%20New%20York%2C%20%20NY%2010036%2C%20United%20States&#038;t=m&#038;z=14&#038;output=embed&#038;iwloc=near\"\n\t\t\t\t\ttitle=\"1500 Broadway, New York,  NY 10036, United States\"\n\t\t\t\t\taria-label=\"1500 Broadway, New York,  NY 10036, United States\"\n\t\t\t><\/iframe>\n\t\t<\/div>\n\t\t\t\t\t\t<\/div>\n\t\t\t\t<\/div>\n\t\t\t\t<section class=\"elementor-section elementor-inner-section elementor-element elementor-element-73a3f4f1 elementor-section-boxed elementor-section-height-default elementor-section-height-default\" data-id=\"73a3f4f1\" data-element_type=\"section\" data-e-type=\"section\">\n\t\t\t\t\t\t<div class=\"elementor-container elementor-column-gap-no\">\n\t\t\t\t\t<div class=\"elementor-column elementor-col-50 elementor-inner-column elementor-element elementor-element-ab59596\" data-id=\"ab59596\" data-element_type=\"column\" data-e-type=\"column\">\n\t\t\t<div class=\"elementor-widget-wrap elementor-element-populated\">\n\t\t\t\t\t\t<div class=\"elementor-element elementor-element-5db229cb elementor-widget elementor-widget-text-editor\" data-id=\"5db229cb\" data-element_type=\"widget\" data-e-type=\"widget\" data-widget_type=\"text-editor.default\">\n\t\t\t\t<div class=\"elementor-widget-container\">\n\t\t\t\t\t\t\t\t\t<h4>Our address<\/h4><p>1500 Broadway,<br \/>New York, NY 10036,<br \/>United States<\/p>\t\t\t\t\t\t\t\t<\/div>\n\t\t\t\t<\/div>\n\t\t\t\t\t<\/div>\n\t\t<\/div>\n\t\t\t\t<div class=\"elementor-column elementor-col-50 elementor-inner-column elementor-element elementor-element-2010a44f\" data-id=\"2010a44f\" data-element_type=\"column\" data-e-type=\"column\">\n\t\t\t<div class=\"elementor-widget-wrap elementor-element-populated\">\n\t\t\t\t\t\t<div class=\"elementor-element elementor-element-184caca2 elementor-widget elementor-widget-text-editor\" data-id=\"184caca2\" data-element_type=\"widget\" data-e-type=\"widget\" data-widget_type=\"text-editor.default\">\n\t\t\t\t<div class=\"elementor-widget-container\">\n\t\t\t\t\t\t\t\t\t<h4>Want to write?<\/h4><p><a href=\"mailto:hi@inspiro.com\">hi@inspiro.com<\/a><\/p>\t\t\t\t\t\t\t\t<\/div>\n\t\t\t\t<\/div>\n\t\t\t\t\t<\/div>\n\t\t<\/div>\n\t\t\t\t\t<\/div>\n\t\t<\/section>\n\t\t\t\t<div class=\"elementor-element elementor-element-4c9a2e2f elementor-widget elementor-widget-text-editor\" data-id=\"4c9a2e2f\" data-element_type=\"widget\" data-e-type=\"widget\" data-widget_type=\"text-editor.default\">\n\t\t\t\t<div class=\"elementor-widget-container\">\n\t\t\t\t\t\t\t\t\t<h4>Follow us<\/h4>\t\t\t\t\t\t\t\t<\/div>\n\t\t\t\t<\/div>\n\t\t\t\t<div class=\"elementor-element elementor-element-7ca8ce36 elementor-icon-list--layout-inline elementor-list-item-link-full_width elementor-widget elementor-widget-icon-list\" data-id=\"7ca8ce36\" data-element_type=\"widget\" data-e-type=\"widget\" data-widget_type=\"icon-list.default\">\n\t\t\t\t<div class=\"elementor-widget-container\">\n\t\t\t\t\t\t\t<ul class=\"elementor-icon-list-items elementor-inline-items\">\n\t\t\t\t\t\t\t<li class=\"elementor-icon-list-item elementor-inline-item\">\n\t\t\t\t\t\t\t\t\t\t\t<a href=\"http:\/\/facebook.com\">\n\n\t\t\t\t\t\t\t\t\t\t\t\t<span class=\"elementor-icon-list-icon\">\n\t\t\t\t\t\t\t<svg aria-hidden=\"true\" class=\"e-font-icon-svg e-fab-facebook\" viewbox=\"0 0 512 512\" xmlns=\"http:\/\/www.w3.org\/2000\/svg\"><path d=\"M504 256C504 119 393 8 256 8S8 119 8 256c0 123.78 90.69 226.38 209.25 245V327.69h-63V256h63v-54.64c0-62.15 37-96.48 93.67-96.48 27.14 0 55.52 4.84 55.52 4.84v61h-31.28c-30.8 0-40.41 19.12-40.41 38.73V256h68.78l-11 71.69h-57.78V501C413.31 482.38 504 379.78 504 256z\"><\/path><\/svg>\t\t\t\t\t\t<\/span>\n\t\t\t\t\t\t\t\t\t\t<span class=\"elementor-icon-list-text\"><\/span>\n\t\t\t\t\t\t\t\t\t\t\t<\/a>\n\t\t\t\t\t\t\t\t\t<\/li>\n\t\t\t\t\t\t\t\t<li class=\"elementor-icon-list-item elementor-inline-item\">\n\t\t\t\t\t\t\t\t\t\t\t<a href=\"http:\/\/twitter.com\">\n\n\t\t\t\t\t\t\t\t\t\t\t\t<span class=\"elementor-icon-list-icon\">\n\t\t\t\t\t\t\t<svg aria-hidden=\"true\" class=\"e-font-icon-svg e-fab-twitter\" viewbox=\"0 0 512 512\" xmlns=\"http:\/\/www.w3.org\/2000\/svg\"><path d=\"M459.37 151.716c.325 4.548.325 9.097.325 13.645 0 138.72-105.583 298.558-298.558 298.558-59.452 0-114.68-17.219-161.137-47.106 8.447.974 16.568 1.299 25.34 1.299 49.055 0 94.213-16.568 130.274-44.832-46.132-.975-84.792-31.188-98.112-72.772 6.498.974 12.995 1.624 19.818 1.624 9.421 0 18.843-1.3 27.614-3.573-48.081-9.747-84.143-51.98-84.143-102.985v-1.299c13.969 7.797 30.214 12.67 47.431 13.319-28.264-18.843-46.781-51.005-46.781-87.391 0-19.492 5.197-37.36 14.294-52.954 51.655 63.675 129.3 105.258 216.365 109.807-1.624-7.797-2.599-15.918-2.599-24.04 0-57.828 46.782-104.934 104.934-104.934 30.213 0 57.502 12.67 76.67 33.137 23.715-4.548 46.456-13.32 66.599-25.34-7.798 24.366-24.366 44.833-46.132 57.827 21.117-2.273 41.584-8.122 60.426-16.243-14.292 20.791-32.161 39.308-52.628 54.253z\"><\/path><\/svg>\t\t\t\t\t\t<\/span>\n\t\t\t\t\t\t\t\t\t\t<span class=\"elementor-icon-list-text\"><\/span>\n\t\t\t\t\t\t\t\t\t\t\t<\/a>\n\t\t\t\t\t\t\t\t\t<\/li>\n\t\t\t\t\t\t\t\t<li class=\"elementor-icon-list-item elementor-inline-item\">\n\t\t\t\t\t\t\t\t\t\t\t<a href=\"http:\/\/instagram.com\">\n\n\t\t\t\t\t\t\t\t\t\t\t\t<span class=\"elementor-icon-list-icon\">\n\t\t\t\t\t\t\t<svg aria-hidden=\"true\" class=\"e-font-icon-svg e-fab-instagram\" viewbox=\"0 0 448 512\" xmlns=\"http:\/\/www.w3.org\/2000\/svg\"><path d=\"M224.1 141c-63.6 0-114.9 51.3-114.9 114.9s51.3 114.9 114.9 114.9S339 319.5 339 255.9 287.7 141 224.1 141zm0 189.6c-41.1 0-74.7-33.5-74.7-74.7s33.5-74.7 74.7-74.7 74.7 33.5 74.7 74.7-33.6 74.7-74.7 74.7zm146.4-194.3c0 14.9-12 26.8-26.8 26.8-14.9 0-26.8-12-26.8-26.8s12-26.8 26.8-26.8 26.8 12 26.8 26.8zm76.1 27.2c-1.7-35.9-9.9-67.7-36.2-93.9-26.2-26.2-58-34.4-93.9-36.2-37-2.1-147.9-2.1-184.9 0-35.8 1.7-67.6 9.9-93.9 36.1s-34.4 58-36.2 93.9c-2.1 37-2.1 147.9 0 184.9 1.7 35.9 9.9 67.7 36.2 93.9s58 34.4 93.9 36.2c37 2.1 147.9 2.1 184.9 0 35.9-1.7 67.7-9.9 93.9-36.2 26.2-26.2 34.4-58 36.2-93.9 2.1-37 2.1-147.8 0-184.8zM398.8 388c-7.8 19.6-22.9 34.7-42.6 42.6-29.5 11.7-99.5 9-132.1 9s-102.7 2.6-132.1-9c-19.6-7.8-34.7-22.9-42.6-42.6-11.7-29.5-9-99.5-9-132.1s-2.6-102.7 9-132.1c7.8-19.6 22.9-34.7 42.6-42.6 29.5-11.7 99.5-9 132.1-9s102.7-2.6 132.1 9c19.6 7.8 34.7 22.9 42.6 42.6 11.7 29.5 9 99.5 9 132.1s2.7 102.7-9 132.1z\"><\/path><\/svg>\t\t\t\t\t\t<\/span>\n\t\t\t\t\t\t\t\t\t\t<span class=\"elementor-icon-list-text\"><\/span>\n\t\t\t\t\t\t\t\t\t\t\t<\/a>\n\t\t\t\t\t\t\t\t\t<\/li>\n\t\t\t\t\t\t\t\t<li class=\"elementor-icon-list-item elementor-inline-item\">\n\t\t\t\t\t\t\t\t\t\t\t<a href=\"http:\/\/youtube.com\">\n\n\t\t\t\t\t\t\t\t\t\t\t\t<span class=\"elementor-icon-list-icon\">\n\t\t\t\t\t\t\t<svg aria-hidden=\"true\" class=\"e-font-icon-svg e-fab-youtube\" viewbox=\"0 0 576 512\" xmlns=\"http:\/\/www.w3.org\/2000\/svg\"><path d=\"M549.655 124.083c-6.281-23.65-24.787-42.276-48.284-48.597C458.781 64 288 64 288 64S117.22 64 74.629 75.486c-23.497 6.322-42.003 24.947-48.284 48.597-11.412 42.867-11.412 132.305-11.412 132.305s0 89.438 11.412 132.305c6.281 23.65 24.787 41.5 48.284 47.821C117.22 448 288 448 288 448s170.78 0 213.371-11.486c23.497-6.321 42.003-24.171 48.284-47.821 11.412-42.867 11.412-132.305 11.412-132.305s0-89.438-11.412-132.305zm-317.51 213.508V175.185l142.739 81.205-142.739 81.201z\"><\/path><\/svg>\t\t\t\t\t\t<\/span>\n\t\t\t\t\t\t\t\t\t\t<span class=\"elementor-icon-list-text\"><\/span>\n\t\t\t\t\t\t\t\t\t\t\t<\/a>\n\t\t\t\t\t\t\t\t\t<\/li>\n\t\t\t\t\t\t<\/ul>\n\t\t\t\t\t\t<\/div>\n\t\t\t\t<\/div>\n\t\t\t\t\t<\/div>\n\t\t<\/div>\n\t\t\t\t<div class=\"elementor-column elementor-col-50 elementor-top-column elementor-element elementor-element-4f01d700\" data-id=\"4f01d700\" data-element_type=\"column\" data-e-type=\"column\">\n\t\t\t<div class=\"elementor-widget-wrap elementor-element-populated\">\n\t\t\t\t\t\t<div class=\"elementor-element elementor-element-73e8ccfe elementor-widget elementor-widget-heading\" data-id=\"73e8ccfe\" data-element_type=\"widget\" data-e-type=\"widget\" data-widget_type=\"heading.default\">\n\t\t\t\t<div class=\"elementor-widget-container\">\n\t\t\t\t\t<h2 class=\"elementor-heading-title elementor-size-default\">Get in touch with us!<\/h2>\t\t\t\t<\/div>\n\t\t\t\t<\/div>\n\t\t\t\t<div class=\"elementor-element elementor-element-728652b6 elementor-widget elementor-widget-text-editor\" data-id=\"728652b6\" data-element_type=\"widget\" data-e-type=\"widget\" data-widget_type=\"text-editor.default\">\n\t\t\t\t<div class=\"elementor-widget-container\">\n\t\t\t\t\t\t\t\t\t<p>Feel free to get in touch with us. We are always open to discussing new projects, creative ideas or opportunities to be part of your videos.<\/p><p><em>Insert your <strong>Contact Form<\/strong>\u00a0here. <\/em><em>Recommended plugin: <a href=\"https:\/\/www.wpzoom.com\/docs\/how-to-create-a-contact-form\/\" target=\"_blank\" rel=\"noopener\"><strong>WPForms<\/strong><\/a><\/em><\/p>\t\t\t\t\t\t\t\t<\/div>\n\t\t\t\t<\/div>\n\t\t\t\t\t<\/div>\n\t\t<\/div>\n\t\t\t\t\t<\/div>\n\t\t<\/section>\n\t\t\t\t<section class=\"elementor-section elementor-top-section elementor-element elementor-element-29caa3e5 elementor-section-boxed elementor-section-height-default elementor-section-height-default\" data-id=\"29caa3e5\" data-element_type=\"section\" data-e-type=\"section\">\n\t\t\t\t\t\t<div class=\"elementor-container elementor-column-gap-default\">\n\t\t\t\t\t\t<\/div>\n\t\t<\/section>\n\t\t\t\t<section class=\"elementor-section elementor-top-section elementor-element elementor-element-343a0b24 elementor-section-full_width elementor-section-height-default elementor-section-height-default\" data-id=\"343a0b24\" data-element_type=\"section\" data-e-type=\"section\" data-settings=\"{&quot;background_background&quot;:&quot;classic&quot;}\">\n\t\t\t\t\t\t<div class=\"elementor-container elementor-column-gap-default\">\n\t\t\t\t\t<div class=\"elementor-column elementor-col-100 elementor-top-column elementor-element elementor-element-14e8b17\" data-id=\"14e8b17\" data-element_type=\"column\" data-e-type=\"column\" data-settings=\"{&quot;background_background&quot;:&quot;classic&quot;}\">\n\t\t\t<div class=\"elementor-widget-wrap elementor-element-populated\">\n\t\t\t\t\t\t<div class=\"elementor-element elementor-element-f219696 elementor-widget elementor-widget-heading\" data-id=\"f219696\" data-element_type=\"widget\" data-e-type=\"widget\" data-widget_type=\"heading.default\">\n\t\t\t\t<div class=\"elementor-widget-container\">\n\t\t\t\t\t<h2 class=\"elementor-heading-title elementor-size-default\">Our Address<\/h2>\t\t\t\t<\/div>\n\t\t\t\t<\/div>\n\t\t\t\t<div class=\"elementor-element elementor-element-22fb4d9d elementor-widget-tablet__width-inherit elementor-widget-mobile__width-inherit elementor-widget elementor-widget-text-editor\" data-id=\"22fb4d9d\" data-element_type=\"widget\" data-e-type=\"widget\" data-widget_type=\"text-editor.default\">\n\t\t\t\t<div class=\"elementor-widget-container\">\n\t\t\t\t\t\t\t\t\t<p><em>1500 Broadway, New York, NY 10036, United States<\/em><\/p>\t\t\t\t\t\t\t\t<\/div>\n\t\t\t\t<\/div>\n\t\t\t\t<div class=\"elementor-element elementor-element-316b8523 elementor-widget elementor-widget-google_maps\" data-id=\"316b8523\" data-element_type=\"widget\" data-e-type=\"widget\" data-widget_type=\"google_maps.default\">\n\t\t\t\t<div class=\"elementor-widget-container\">\n\t\t\t\t\t\t\t<div class=\"elementor-custom-embed\">\n\t\t\t<iframe loading=\"lazy\"\n\t\t\t\t\tsrc=\"https:\/\/maps.google.com\/maps?q=1500%20Broadway%2C%20New%20York%2C%20%20NY%2010036%2C%20United%20States&#038;t=m&#038;z=14&#038;output=embed&#038;iwloc=near\"\n\t\t\t\t\ttitle=\"1500 Broadway, New York,  NY 10036, United States\"\n\t\t\t\t\taria-label=\"1500 Broadway, New York,  NY 10036, United States\"\n\t\t\t><\/iframe>\n\t\t<\/div>\n\t\t\t\t\t\t<\/div>\n\t\t\t\t<\/div>\n\t\t\t\t\t<\/div>\n\t\t<\/div>\n\t\t\t\t\t<\/div>\n\t\t<\/section>\n\t\t\t\t<\/div>","protected":false},"excerpt":{"rendered":"","protected":false},"author":1,"featured_media":0,"parent":0,"menu_order":0,"comment_status":"closed","ping_status":"closed","template":"page-templates\/full-width-no-title.php","meta":{"inline_featured_image":false,"inspiro_page_layout":"narrow","inspiro_hide_title":false,"footnotes":""},"class_list":["post-628","page","type-page","status-publish","hentry"],"yoast_head":"<!-- This site is optimized with the Yoast SEO Premium plugin v25.0 (Yoast SEO v27.4) - https:\/\/yoast.com\/product\/yoast-seo-premium-wordpress\/ -->\n<title>Contact - Dinastycoin Club<\/title>\n<meta name=\"robots\" content=\"index, follow, max-snippet:-1, max-image-preview:large, max-video-preview:-1\" \/>\n<link rel=\"canonical\" href=\"https:\/\/entedinastycoinclub.org\/en\/contact\/\" \/>\n<meta property=\"og:locale\" content=\"en_GB\" \/>\n<meta property=\"og:type\" content=\"article\" \/>\n<meta property=\"og:title\" content=\"Contact\" \/>\n<meta property=\"og:url\" content=\"https:\/\/entedinastycoinclub.org\/en\/contact\/\" \/>\n<meta property=\"og:site_name\" content=\"Dinastycoin Club\" \/>\n<meta property=\"article:publisher\" content=\"https:\/\/facebook.com\/dinastycoin\" \/>\n<meta property=\"og:image\" content=\"https:\/\/entedinastycoinclub.org\/wp-content\/uploads\/2024\/08\/mail-thumbnail.png\" \/>\n\t<meta property=\"og:image:width\" content=\"1080\" \/>\n\t<meta property=\"og:image:height\" content=\"1080\" \/>\n\t<meta property=\"og:image:type\" content=\"image\/png\" \/>\n<meta name=\"twitter:card\" content=\"summary_large_image\" \/>\n<meta name=\"twitter:site\" content=\"@dinastycoin\" \/>\n<meta name=\"twitter:label1\" content=\"Est. reading time\" \/>\n\t<meta name=\"twitter:data1\" content=\"1 minute\" \/>\n<script type=\"application\/ld+json\" class=\"yoast-schema-graph\">{\"@context\":\"https:\\\/\\\/schema.org\",\"@graph\":[{\"@type\":\"WebPage\",\"@id\":\"https:\\\/\\\/entedinastycoinclub.org\\\/contact\\\/\",\"url\":\"https:\\\/\\\/entedinastycoinclub.org\\\/contact\\\/\",\"name\":\"Contact - Dinastycoin Club\",\"isPartOf\":{\"@id\":\"https:\\\/\\\/entedinastycoinclub.org\\\/#website\"},\"datePublished\":\"2009-05-06T16:43:24+00:00\",\"breadcrumb\":{\"@id\":\"https:\\\/\\\/entedinastycoinclub.org\\\/contact\\\/#breadcrumb\"},\"inLanguage\":\"en-GB\",\"potentialAction\":[{\"@type\":\"ReadAction\",\"target\":[\"https:\\\/\\\/entedinastycoinclub.org\\\/contact\\\/\"]}]},{\"@type\":\"BreadcrumbList\",\"@id\":\"https:\\\/\\\/entedinastycoinclub.org\\\/contact\\\/#breadcrumb\",\"itemListElement\":[{\"@type\":\"ListItem\",\"position\":1,\"name\":\"Home\",\"item\":\"https:\\\/\\\/entedinastycoinclub.org\\\/\"},{\"@type\":\"ListItem\",\"position\":2,\"name\":\"Contact\"}]},{\"@type\":\"WebSite\",\"@id\":\"https:\\\/\\\/entedinastycoinclub.org\\\/#website\",\"url\":\"https:\\\/\\\/entedinastycoinclub.org\\\/\",\"name\":\"Ente Dinastycoin club\",\"description\":\"Un nuovo sistema di pagamento etico deflazionabile fuodi dall&#039;euro\",\"publisher\":{\"@id\":\"https:\\\/\\\/entedinastycoinclub.org\\\/#organization\"},\"potentialAction\":[{\"@type\":\"SearchAction\",\"target\":{\"@type\":\"EntryPoint\",\"urlTemplate\":\"https:\\\/\\\/entedinastycoinclub.org\\\/?s={search_term_string}\"},\"query-input\":{\"@type\":\"PropertyValueSpecification\",\"valueRequired\":true,\"valueName\":\"search_term_string\"}}],\"inLanguage\":\"en-GB\"},{\"@type\":\"Organization\",\"@id\":\"https:\\\/\\\/entedinastycoinclub.org\\\/#organization\",\"name\":\"Ente Dinastycoin club\",\"url\":\"https:\\\/\\\/entedinastycoinclub.org\\\/\",\"logo\":{\"@type\":\"ImageObject\",\"inLanguage\":\"en-GB\",\"@id\":\"https:\\\/\\\/entedinastycoinclub.org\\\/#\\\/schema\\\/logo\\\/image\\\/\",\"url\":\"https:\\\/\\\/entedinastycoinclub.org\\\/wp-content\\\/uploads\\\/2024\\\/03\\\/dcycoinclubtrust.png\",\"contentUrl\":\"https:\\\/\\\/entedinastycoinclub.org\\\/wp-content\\\/uploads\\\/2024\\\/03\\\/dcycoinclubtrust.png\",\"width\":500,\"height\":199,\"caption\":\"Ente Dinastycoin club\"},\"image\":{\"@id\":\"https:\\\/\\\/entedinastycoinclub.org\\\/#\\\/schema\\\/logo\\\/image\\\/\"},\"sameAs\":[\"https:\\\/\\\/facebook.com\\\/dinastycoin\",\"https:\\\/\\\/x.com\\\/dinastycoin\",\"https:\\\/\\\/mastodon.social\\\/@dinastycoinclub\",\"https:\\\/\\\/instagram.com\\\/dinastycoinofficial\"],\"description\":\"Il modo pi\u00f9 semplice di pagare e ricevere denaro Semplifica la tua vita finanziaria con pochi semplici passaggi e goditi la tranquillit\u00e0 di sapere che ogni transazione \u00e8 protetta. Semplifica la tua vita finanziaria con pochi semplici passaggi e goditi la tranquillit\u00e0 di sapere che ogni transazione \u00e8 protetta. entra in un circuito economico etico deflazionabile e alternativo all'euro\",\"email\":\"admin@dinastycoin.club\",\"legalName\":\"ente dinastycoin club\",\"foundingDate\":\"2024-01-01\",\"actionableFeedbackPolicy\":\"https:\\\/\\\/entedinastycoinclub.org\\\/en\\\/?page_id=9110\",\"correctionsPolicy\":\"https:\\\/\\\/entedinastycoinclub.org\\\/en\\\/?page_id=9110\"}]}<\/script>\n<!-- \/ Yoast SEO Premium plugin. -->","yoast_head_json":{"title":"Contact - Dinastycoin Club","robots":{"index":"index","follow":"follow","max-snippet":"max-snippet:-1","max-image-preview":"max-image-preview:large","max-video-preview":"max-video-preview:-1"},"canonical":"https:\/\/entedinastycoinclub.org\/en\/contact\/","og_locale":"en_GB","og_type":"article","og_title":"Contact","og_url":"https:\/\/entedinastycoinclub.org\/en\/contact\/","og_site_name":"Dinastycoin Club","article_publisher":"https:\/\/facebook.com\/dinastycoin","og_image":[{"width":1080,"height":1080,"url":"https:\/\/entedinastycoinclub.org\/wp-content\/uploads\/2024\/08\/mail-thumbnail.png","type":"image\/png"}],"twitter_card":"summary_large_image","twitter_site":"@dinastycoin","twitter_misc":{"Est. reading time":"1 minute"},"schema":{"@context":"https:\/\/schema.org","@graph":[{"@type":"WebPage","@id":"https:\/\/entedinastycoinclub.org\/contact\/","url":"https:\/\/entedinastycoinclub.org\/contact\/","name":"Contact - Dinastycoin Club","isPartOf":{"@id":"https:\/\/entedinastycoinclub.org\/#website"},"datePublished":"2009-05-06T16:43:24+00:00","breadcrumb":{"@id":"https:\/\/entedinastycoinclub.org\/contact\/#breadcrumb"},"inLanguage":"en-GB","potentialAction":[{"@type":"ReadAction","target":["https:\/\/entedinastycoinclub.org\/contact\/"]}]},{"@type":"BreadcrumbList","@id":"https:\/\/entedinastycoinclub.org\/contact\/#breadcrumb","itemListElement":[{"@type":"ListItem","position":1,"name":"Home","item":"https:\/\/entedinastycoinclub.org\/"},{"@type":"ListItem","position":2,"name":"Contact"}]},{"@type":"WebSite","@id":"https:\/\/entedinastycoinclub.org\/#website","url":"https:\/\/entedinastycoinclub.org\/","name":"Ente Dinastycoin club","description":"Un nuovo sistema di pagamento etico deflazionabile fuodi dall&#039;euro","publisher":{"@id":"https:\/\/entedinastycoinclub.org\/#organization"},"potentialAction":[{"@type":"SearchAction","target":{"@type":"EntryPoint","urlTemplate":"https:\/\/entedinastycoinclub.org\/?s={search_term_string}"},"query-input":{"@type":"PropertyValueSpecification","valueRequired":true,"valueName":"search_term_string"}}],"inLanguage":"en-GB"},{"@type":"Organization","@id":"https:\/\/entedinastycoinclub.org\/#organization","name":"Ente Dinastycoin club","url":"https:\/\/entedinastycoinclub.org\/","logo":{"@type":"ImageObject","inLanguage":"en-GB","@id":"https:\/\/entedinastycoinclub.org\/#\/schema\/logo\/image\/","url":"https:\/\/entedinastycoinclub.org\/wp-content\/uploads\/2024\/03\/dcycoinclubtrust.png","contentUrl":"https:\/\/entedinastycoinclub.org\/wp-content\/uploads\/2024\/03\/dcycoinclubtrust.png","width":500,"height":199,"caption":"Ente Dinastycoin club"},"image":{"@id":"https:\/\/entedinastycoinclub.org\/#\/schema\/logo\/image\/"},"sameAs":["https:\/\/facebook.com\/dinastycoin","https:\/\/x.com\/dinastycoin","https:\/\/mastodon.social\/@dinastycoinclub","https:\/\/instagram.com\/dinastycoinofficial"],"description":"Il modo pi\u00f9 semplice di pagare e ricevere denaro Semplifica la tua vita finanziaria con pochi semplici passaggi e goditi la tranquillit\u00e0 di sapere che ogni transazione \u00e8 protetta. Semplifica la tua vita finanziaria con pochi semplici passaggi e goditi la tranquillit\u00e0 di sapere che ogni transazione \u00e8 protetta. entra in un circuito economico etico deflazionabile e alternativo all'euro","email":"admin@dinastycoin.club","legalName":"ente dinastycoin club","foundingDate":"2024-01-01","actionableFeedbackPolicy":"https:\/\/entedinastycoinclub.org\/en\/?page_id=9110","correctionsPolicy":"https:\/\/entedinastycoinclub.org\/en\/?page_id=9110"}]}},"brizy_media":[],"_links":{"self":[{"href":"https:\/\/entedinastycoinclub.org\/en\/wp-json\/wp\/v2\/pages\/628","targetHints":{"allow":["GET"]}}],"collection":[{"href":"https:\/\/entedinastycoinclub.org\/en\/wp-json\/wp\/v2\/pages"}],"about":[{"href":"https:\/\/entedinastycoinclub.org\/en\/wp-json\/wp\/v2\/types\/page"}],"author":[{"embeddable":true,"href":"https:\/\/entedinastycoinclub.org\/en\/wp-json\/wp\/v2\/users\/1"}],"replies":[{"embeddable":true,"href":"https:\/\/entedinastycoinclub.org\/en\/wp-json\/wp\/v2\/comments?post=628"}],"version-history":[{"count":0,"href":"https:\/\/entedinastycoinclub.org\/en\/wp-json\/wp\/v2\/pages\/628\/revisions"}],"wp:attachment":[{"href":"https:\/\/entedinastycoinclub.org\/en\/wp-json\/wp\/v2\/media?parent=628"}],"curies":[{"name":"wp","href":"https:\/\/api.w.org\/{rel}","templated":true}]}}