{"id":5210,"date":"2014-08-06T08:41:59","date_gmt":"2014-08-06T08:41:59","guid":{"rendered":"https:\/\/entedinastycoinclub.org\/gallery-paginated\/"},"modified":"2014-08-06T08:41:59","modified_gmt":"2014-08-06T08:41:59","slug":"gallery-paginated","status":"publish","type":"page","link":"https:\/\/entedinastycoinclub.org\/en\/gallery-paginated\/","title":{"rendered":"Gallery"},"content":{"rendered":"","protected":false},"excerpt":{"rendered":"","protected":false},"author":1,"featured_media":0,"parent":0,"menu_order":0,"comment_status":"open","ping_status":"closed","template":"portfolio\/archive.php","meta":{"inline_featured_image":false,"inspiro_page_layout":"narrow","inspiro_hide_title":false,"footnotes":""},"class_list":["post-5210","page","type-page","status-publish","hentry"],"yoast_head":"<!-- This site is optimized with the Yoast SEO Premium plugin v25.0 (Yoast SEO v27.3) - https:\/\/yoast.com\/product\/yoast-seo-premium-wordpress\/ -->\n<title>Gallery - Dinastycoin Club<\/title>\n<meta name=\"robots\" content=\"index, follow, max-snippet:-1, max-image-preview:large, max-video-preview:-1\" \/>\n<link rel=\"canonical\" href=\"https:\/\/entedinastycoinclub.org\/en\/gallery-paginated\/\" \/>\n<meta property=\"og:locale\" content=\"en_GB\" \/>\n<meta property=\"og:type\" content=\"article\" \/>\n<meta property=\"og:title\" content=\"Gallery\" \/>\n<meta property=\"og:url\" content=\"https:\/\/entedinastycoinclub.org\/en\/gallery-paginated\/\" \/>\n<meta property=\"og:site_name\" content=\"Dinastycoin Club\" \/>\n<meta property=\"article:publisher\" content=\"https:\/\/facebook.com\/dinastycoin\" \/>\n<meta property=\"og:image\" content=\"https:\/\/entedinastycoinclub.org\/wp-content\/uploads\/2024\/08\/mail-thumbnail.png\" \/>\n\t<meta property=\"og:image:width\" content=\"1080\" \/>\n\t<meta property=\"og:image:height\" content=\"1080\" \/>\n\t<meta property=\"og:image:type\" content=\"image\/png\" \/>\n<meta name=\"twitter:card\" content=\"summary_large_image\" \/>\n<meta name=\"twitter:site\" content=\"@dinastycoin\" \/>\n<script type=\"application\/ld+json\" class=\"yoast-schema-graph\">{\"@context\":\"https:\\\/\\\/schema.org\",\"@graph\":[{\"@type\":\"WebPage\",\"@id\":\"https:\\\/\\\/entedinastycoinclub.org\\\/gallery-paginated\\\/\",\"url\":\"https:\\\/\\\/entedinastycoinclub.org\\\/gallery-paginated\\\/\",\"name\":\"Gallery - Dinastycoin Club\",\"isPartOf\":{\"@id\":\"https:\\\/\\\/entedinastycoinclub.org\\\/#website\"},\"datePublished\":\"2014-08-06T08:41:59+00:00\",\"breadcrumb\":{\"@id\":\"https:\\\/\\\/entedinastycoinclub.org\\\/gallery-paginated\\\/#breadcrumb\"},\"inLanguage\":\"en-GB\",\"potentialAction\":[{\"@type\":\"ReadAction\",\"target\":[\"https:\\\/\\\/entedinastycoinclub.org\\\/gallery-paginated\\\/\"]}]},{\"@type\":\"BreadcrumbList\",\"@id\":\"https:\\\/\\\/entedinastycoinclub.org\\\/gallery-paginated\\\/#breadcrumb\",\"itemListElement\":[{\"@type\":\"ListItem\",\"position\":1,\"name\":\"Home\",\"item\":\"https:\\\/\\\/entedinastycoinclub.org\\\/\"},{\"@type\":\"ListItem\",\"position\":2,\"name\":\"Gallery\"}]},{\"@type\":\"WebSite\",\"@id\":\"https:\\\/\\\/entedinastycoinclub.org\\\/#website\",\"url\":\"https:\\\/\\\/entedinastycoinclub.org\\\/\",\"name\":\"Ente Dinastycoin club\",\"description\":\"Un nuovo sistema di pagamento etico deflazionabile fuodi dall&#039;euro\",\"publisher\":{\"@id\":\"https:\\\/\\\/entedinastycoinclub.org\\\/#organization\"},\"potentialAction\":[{\"@type\":\"SearchAction\",\"target\":{\"@type\":\"EntryPoint\",\"urlTemplate\":\"https:\\\/\\\/entedinastycoinclub.org\\\/?s={search_term_string}\"},\"query-input\":{\"@type\":\"PropertyValueSpecification\",\"valueRequired\":true,\"valueName\":\"search_term_string\"}}],\"inLanguage\":\"en-GB\"},{\"@type\":\"Organization\",\"@id\":\"https:\\\/\\\/entedinastycoinclub.org\\\/#organization\",\"name\":\"Ente Dinastycoin club\",\"url\":\"https:\\\/\\\/entedinastycoinclub.org\\\/\",\"logo\":{\"@type\":\"ImageObject\",\"inLanguage\":\"en-GB\",\"@id\":\"https:\\\/\\\/entedinastycoinclub.org\\\/#\\\/schema\\\/logo\\\/image\\\/\",\"url\":\"https:\\\/\\\/entedinastycoinclub.org\\\/wp-content\\\/uploads\\\/2024\\\/03\\\/dcycoinclubtrust.png\",\"contentUrl\":\"https:\\\/\\\/entedinastycoinclub.org\\\/wp-content\\\/uploads\\\/2024\\\/03\\\/dcycoinclubtrust.png\",\"width\":500,\"height\":199,\"caption\":\"Ente Dinastycoin club\"},\"image\":{\"@id\":\"https:\\\/\\\/entedinastycoinclub.org\\\/#\\\/schema\\\/logo\\\/image\\\/\"},\"sameAs\":[\"https:\\\/\\\/facebook.com\\\/dinastycoin\",\"https:\\\/\\\/x.com\\\/dinastycoin\",\"https:\\\/\\\/mastodon.social\\\/@dinastycoinclub\",\"https:\\\/\\\/instagram.com\\\/dinastycoinofficial\"],\"description\":\"Il modo pi\u00f9 semplice di pagare e ricevere denaro Semplifica la tua vita finanziaria con pochi semplici passaggi e goditi la tranquillit\u00e0 di sapere che ogni transazione \u00e8 protetta. Semplifica la tua vita finanziaria con pochi semplici passaggi e goditi la tranquillit\u00e0 di sapere che ogni transazione \u00e8 protetta. entra in un circuito economico etico deflazionabile e alternativo all'euro\",\"email\":\"admin@dinastycoin.club\",\"legalName\":\"ente dinastycoin club\",\"foundingDate\":\"2024-01-01\",\"actionableFeedbackPolicy\":\"https:\\\/\\\/entedinastycoinclub.org\\\/en\\\/?page_id=9110\",\"correctionsPolicy\":\"https:\\\/\\\/entedinastycoinclub.org\\\/en\\\/?page_id=9110\"}]}<\/script>\n<!-- \/ Yoast SEO Premium plugin. -->","yoast_head_json":{"title":"Gallery - Dinastycoin Club","robots":{"index":"index","follow":"follow","max-snippet":"max-snippet:-1","max-image-preview":"max-image-preview:large","max-video-preview":"max-video-preview:-1"},"canonical":"https:\/\/entedinastycoinclub.org\/en\/gallery-paginated\/","og_locale":"en_GB","og_type":"article","og_title":"Gallery","og_url":"https:\/\/entedinastycoinclub.org\/en\/gallery-paginated\/","og_site_name":"Dinastycoin Club","article_publisher":"https:\/\/facebook.com\/dinastycoin","og_image":[{"width":1080,"height":1080,"url":"https:\/\/entedinastycoinclub.org\/wp-content\/uploads\/2024\/08\/mail-thumbnail.png","type":"image\/png"}],"twitter_card":"summary_large_image","twitter_site":"@dinastycoin","schema":{"@context":"https:\/\/schema.org","@graph":[{"@type":"WebPage","@id":"https:\/\/entedinastycoinclub.org\/gallery-paginated\/","url":"https:\/\/entedinastycoinclub.org\/gallery-paginated\/","name":"Gallery - Dinastycoin Club","isPartOf":{"@id":"https:\/\/entedinastycoinclub.org\/#website"},"datePublished":"2014-08-06T08:41:59+00:00","breadcrumb":{"@id":"https:\/\/entedinastycoinclub.org\/gallery-paginated\/#breadcrumb"},"inLanguage":"en-GB","potentialAction":[{"@type":"ReadAction","target":["https:\/\/entedinastycoinclub.org\/gallery-paginated\/"]}]},{"@type":"BreadcrumbList","@id":"https:\/\/entedinastycoinclub.org\/gallery-paginated\/#breadcrumb","itemListElement":[{"@type":"ListItem","position":1,"name":"Home","item":"https:\/\/entedinastycoinclub.org\/"},{"@type":"ListItem","position":2,"name":"Gallery"}]},{"@type":"WebSite","@id":"https:\/\/entedinastycoinclub.org\/#website","url":"https:\/\/entedinastycoinclub.org\/","name":"Ente Dinastycoin club","description":"Un nuovo sistema di pagamento etico deflazionabile fuodi dall&#039;euro","publisher":{"@id":"https:\/\/entedinastycoinclub.org\/#organization"},"potentialAction":[{"@type":"SearchAction","target":{"@type":"EntryPoint","urlTemplate":"https:\/\/entedinastycoinclub.org\/?s={search_term_string}"},"query-input":{"@type":"PropertyValueSpecification","valueRequired":true,"valueName":"search_term_string"}}],"inLanguage":"en-GB"},{"@type":"Organization","@id":"https:\/\/entedinastycoinclub.org\/#organization","name":"Ente Dinastycoin club","url":"https:\/\/entedinastycoinclub.org\/","logo":{"@type":"ImageObject","inLanguage":"en-GB","@id":"https:\/\/entedinastycoinclub.org\/#\/schema\/logo\/image\/","url":"https:\/\/entedinastycoinclub.org\/wp-content\/uploads\/2024\/03\/dcycoinclubtrust.png","contentUrl":"https:\/\/entedinastycoinclub.org\/wp-content\/uploads\/2024\/03\/dcycoinclubtrust.png","width":500,"height":199,"caption":"Ente Dinastycoin club"},"image":{"@id":"https:\/\/entedinastycoinclub.org\/#\/schema\/logo\/image\/"},"sameAs":["https:\/\/facebook.com\/dinastycoin","https:\/\/x.com\/dinastycoin","https:\/\/mastodon.social\/@dinastycoinclub","https:\/\/instagram.com\/dinastycoinofficial"],"description":"Il modo pi\u00f9 semplice di pagare e ricevere denaro Semplifica la tua vita finanziaria con pochi semplici passaggi e goditi la tranquillit\u00e0 di sapere che ogni transazione \u00e8 protetta. Semplifica la tua vita finanziaria con pochi semplici passaggi e goditi la tranquillit\u00e0 di sapere che ogni transazione \u00e8 protetta. entra in un circuito economico etico deflazionabile e alternativo all'euro","email":"admin@dinastycoin.club","legalName":"ente dinastycoin club","foundingDate":"2024-01-01","actionableFeedbackPolicy":"https:\/\/entedinastycoinclub.org\/en\/?page_id=9110","correctionsPolicy":"https:\/\/entedinastycoinclub.org\/en\/?page_id=9110"}]}},"brizy_media":[],"_links":{"self":[{"href":"https:\/\/entedinastycoinclub.org\/en\/wp-json\/wp\/v2\/pages\/5210","targetHints":{"allow":["GET"]}}],"collection":[{"href":"https:\/\/entedinastycoinclub.org\/en\/wp-json\/wp\/v2\/pages"}],"about":[{"href":"https:\/\/entedinastycoinclub.org\/en\/wp-json\/wp\/v2\/types\/page"}],"author":[{"embeddable":true,"href":"https:\/\/entedinastycoinclub.org\/en\/wp-json\/wp\/v2\/users\/1"}],"replies":[{"embeddable":true,"href":"https:\/\/entedinastycoinclub.org\/en\/wp-json\/wp\/v2\/comments?post=5210"}],"version-history":[{"count":0,"href":"https:\/\/entedinastycoinclub.org\/en\/wp-json\/wp\/v2\/pages\/5210\/revisions"}],"wp:attachment":[{"href":"https:\/\/entedinastycoinclub.org\/en\/wp-json\/wp\/v2\/media?parent=5210"}],"curies":[{"name":"wp","href":"https:\/\/api.w.org\/{rel}","templated":true}]}}