{"id":11580,"date":"2025-12-29T12:44:25","date_gmt":"2025-12-29T12:44:25","guid":{"rendered":"https:\/\/entedinastycoinclub.org\/?page_id=11580"},"modified":"2026-01-02T15:00:14","modified_gmt":"2026-01-02T15:00:14","slug":"attivita-giornaliere-del-team-tecnico","status":"publish","type":"page","link":"https:\/\/entedinastycoinclub.org\/en\/attivita-giornaliere-del-team-tecnico\/","title":{"rendered":"Attivit\u00e0 Giornaliere del team tecnico"},"content":{"rendered":"<\/p>\n<p>Gennaio-28 Dicembre 2025 &#8211; <a href=\"#2025\">Dicembre 2025<\/a> &#8211; <a href=\"#gennaio2026\">Gennaio 2026<\/a> &#8211; febbraio 2026 &#8211; Marzo 2026<\/p>\n<p>\n\n\n\n<figure class=\"wp-block-table\"><table><thead><tr><th>Periodo<\/th><th>Descrizione attivit\u00e0<\/th><th>operatore<\/th><\/tr><\/thead><tbody><tr><td>1 gennaio\/28 Dicembre 2026<\/td><td>Progettazione e sviluppo del nuovo sito di ecommerce dinastycoin.club &#8211; Ristrutturazione del sito entedinastycoin.club &#8211; aggiornamento del sito Dinastycoin.com . Chiusura definitiva del sito dinastyoffreedom.com &#8211; progettazione e realizzazione del nuovo gateway pagamenti dcyinpay gestibile via API &#8211; Creazione del token ethic voucher token (ETHVT)  basato su blockchain waves, che sar\u00e0 utilizzabile per scambi con altre valute e con Ethvc &#8211;&nbsp; Creazione del plugin x wordpress: 1) gestione webinar 2) gestione visualizzazione protetta di filmati da usare per servizi a pagamento&nbsp;&nbsp;<\/td><td>Team<\/td><\/tr><tr><td><a href=\"#2025\">29\/12\/2025<\/a><\/td><td><strong>Pool.dinastycoin.com<\/strong>, RIpristino del pool il quale manifestava degli errori sul wallet dei pagamenti che risultavano non regolari. era dal 17\/12 che non pagava<br>Il problema \u00e8 stato risolto potenziando delle procedure di controllo e riavvio sul server. Inoltre sono stati azzerati i costi del pool da 0.14 a 0.0001DCY, azzerato anche mixin da 11 a 0 per rendere \u00e8 pi\u00f9 flessibile e adattabile alle condizioni della blockchain. ogni pagamento. Pagamenti ora sono inviati con procedura split tutti in unica transazione splittata agli indirizzi di destinazione con pi\u00f9 di 100DCY accumulati<\/td><td>Admin<\/td><\/tr><tr><td>29\/12\/2025<\/td><td><strong><strong>App dinastycoin.club<\/strong> <\/strong>&#8211; Risolti alcuni bug nella pagina risultato della ricerca articoli<\/td><td>Admin<\/td><\/tr><tr><td>29\/12\/2025<\/td><td><strong>App dinastycoin.club<\/strong> Ottimizzazione schede articoli con variazioni (taglie, colori etc) (lavori ancora in corso).<\/td><td>Admin<\/td><\/tr><tr><td>29\/12\/2025<\/td><td><strong><strong>Stock Ethic Verse<\/strong> <\/strong> &#8211; Aggiornamento sul server delle procedure di importazione Nuovi articoli negozio EthicVerse con variazioni. verifica della formattazione e selezione delle schede articoli che hanno variazioni<\/td><td>Admin<\/td><\/tr><tr><td>30\/12\/2025<\/td><td><strong>Pool.dinastycoin.com<\/strong>. apportati cambiamenti. aumentato il tempo di pagamento da 30 minuti a 60 minuti. ridotto il minimo di payout da 100DCy a 80DCY<\/td><td>Admin<\/td><\/tr><tr><td>30\/12\/2025<\/td><td><strong>Agenti AI &#8211;<\/strong> Sviluppo dell&#8217;Agente AI Dinastycoun.club per le ricerche AI nell&#8217;app Dinastycoin.club. elaborazione del documento tecnico e della roadmap di implementazione. .stato lavori attuale 20% previsione di completamento e implementazione per fine gennaio 2026<\/td><td>Admin<\/td><\/tr><tr><td>30\/12\/2025<\/td><td><strong>Sito WEB<\/strong> &#8211; Creata la pagina attivit\u00e0 giornaliere del team tecnico. accessibile da pulsante inserito nella pagina <a href=\"https:\/\/entedinastycoinclub.org\/en\/roadmap\/\">roadmap<\/a><\/td><td>Admin<\/td><\/tr><tr><td>30\/12\/2025<\/td><td><strong>Stock Ethic Verse<\/strong> &#8211; messa a punto delle procedure di riaggiornamento giornaliero delle quantit\u00e0 di tutti gli articoli gestiti nell&#8217;app per il negozio Ethic Verse. i prodotti che sono a qt\u00e0 zero vengono tolti dalle liste pubbliche e nel caso in cui non saranno pi\u00f9 riforniti saranno anche cancellati totalmente dall&#8217;archivio. la procedura far\u00e0 il riaggiornamento 1 volta ogni ora. garantendo cos\u00ec al minimo il rischio di ordinare articoli non pi\u00f9 disponibili in magazzino e di vedere prodotti &#8220;esauriti&#8221;, la procedura girer\u00e0 indipendente in background senza appesantire l&#8217;interfaccia dell&#8217;app insieme ad altre procedure bacth gi\u00e0 previste. previsione di operativit\u00e0 della procedura in produzione 2 o 3 giorni.<\/td><td>Admin<\/td><\/tr><tr><td>31\/12\/2026<\/td><td><strong><strong>Stock Ethic Verse<\/strong><\/strong> &#8211; prosecuzione dei test interni su server di sviluppo per la gestione e aggiornamento continuo degli articoli ethicverse e delle relative variazioni. ottimizzazione delle procedure<\/td><td>Admin<\/td><\/tr><tr><td><a href=\"#gennaio2026\">01\/01\/2026<\/a><\/td><td><strong><strong>Stock Ethic Verse<\/strong><\/strong> &#8211; test finali in produzione delle procedure di riaggiornamento continuo delle disponibilit\u00e0 di magazzino su server di produzione. test di selezione nel carrello di articoli con variazioni<\/td><td>Admin<\/td><\/tr><tr><td>01\/01\/2026<\/td><td><strong>App dinastycoin.club<\/strong> C<strong>ashout <\/strong>&#8211; Inserimento in carrello di alcuni prodotti (in prova diverse configurazioni) e prova di finalizzazione degli ordini. Oggi si \u00e8 provato carrello con 1 articolo senza variazioni 1 articolo con variazioni &#8211; altre configurazioni di carrello seguiranno domani<\/td><td>Admin<\/td><\/tr><tr><td>01\/01\/2026<\/td><td><strong>HardFork testla 369-<\/strong> Inizio lavori di setup e configurazione ambiente docker testnet su ubuntu per prossimo hardfork dinastycoin in codice &#8220;Tesla 239&#8221;. obbiettivo uniformare la blockchain Dinastycoin con Ultima versione Monero. tempi di realizzazione previsti 2 mesi<\/td><td>Admin<\/td><\/tr><tr><td>02\/01\/2026<\/td><td><strong>HardFork testla 369<\/strong> &#8211; Primo tentativo di compilazione con le modifiche. deciso blocco hardfork fissato circa a fine febbraio salvo complicazioni sar\u00e0 al blocco  1500000. domani inizieranno i primi test su &#8220;blockchain testnet&#8221;<\/td><td>Admin<\/td><\/tr><\/tbody><\/table><\/figure>\n\n\n\n<p>(<a href=\"https:\/\/entedinastycoinclub.org\/en\/attivita-giornaliere-del-team-marketing-e-comunicazione\/\">passa alle attivit\u00e0 del team Markleting comunicazione e grafica<\/a>)<\/p>\n\n\n<\/p>\n\n\n<p><\/p>","protected":false},"excerpt":{"rendered":"<p>Gennaio-28 Dicembre 2025 &#8211; Dicembre 2025 &#8211; Gennaio 2026 &#8211; febbraio 2026 &#8211; Marzo 2026 Periodo Descrizione attivit\u00e0 operatore 1 gennaio\/28 Dicembre 2026 Progettazione e sviluppo del nuovo sito di ecommerce dinastycoin.club &#8211; Ristrutturazione del sito entedinastycoin.club &#8211; aggiornamento del sito Dinastycoin.com . Chiusura definitiva del sito dinastyoffreedom.com &#8211; progettazione [&hellip;]<\/p>\n","protected":false},"author":1,"featured_media":0,"parent":0,"menu_order":0,"comment_status":"closed","ping_status":"closed","template":"","meta":{"inline_featured_image":false,"inspiro_page_layout":"narrow","inspiro_hide_title":false,"footnotes":""},"class_list":["post-11580","page","type-page","status-publish","hentry"],"yoast_head":"<!-- This site is optimized with the Yoast SEO Premium plugin v25.0 (Yoast SEO v27.3) - https:\/\/yoast.com\/product\/yoast-seo-premium-wordpress\/ -->\n<title>Attivit\u00e0 Giornaliere del team tecnico - Dinastycoin Club<\/title>\n<meta name=\"robots\" content=\"index, follow, max-snippet:-1, max-image-preview:large, max-video-preview:-1\" \/>\n<link rel=\"canonical\" href=\"https:\/\/entedinastycoinclub.org\/en\/attivita-giornaliere-del-team-tecnico\/\" \/>\n<meta property=\"og:locale\" content=\"en_GB\" \/>\n<meta property=\"og:type\" content=\"article\" \/>\n<meta property=\"og:title\" content=\"Attivit\u00e0 Giornaliere del team tecnico\" \/>\n<meta property=\"og:description\" content=\"Gennaio-28 Dicembre 2025 &#8211; Dicembre 2025 &#8211; Gennaio 2026 &#8211; febbraio 2026 &#8211; Marzo 2026 Periodo Descrizione attivit\u00e0 operatore 1 gennaio\/28 Dicembre 2026 Progettazione e sviluppo del nuovo sito di ecommerce dinastycoin.club &#8211; Ristrutturazione del sito entedinastycoin.club &#8211; aggiornamento del sito Dinastycoin.com . Chiusura definitiva del sito dinastyoffreedom.com &#8211; progettazione [&hellip;]\" \/>\n<meta property=\"og:url\" content=\"https:\/\/entedinastycoinclub.org\/en\/attivita-giornaliere-del-team-tecnico\/\" \/>\n<meta property=\"og:site_name\" content=\"Dinastycoin Club\" \/>\n<meta property=\"article:publisher\" content=\"https:\/\/facebook.com\/dinastycoin\" \/>\n<meta property=\"article:modified_time\" content=\"2026-01-02T15:00:14+00:00\" \/>\n<meta property=\"og:image\" content=\"https:\/\/entedinastycoinclub.org\/wp-content\/uploads\/2024\/08\/mail-thumbnail.png\" \/>\n\t<meta property=\"og:image:width\" content=\"1080\" \/>\n\t<meta property=\"og:image:height\" content=\"1080\" \/>\n\t<meta property=\"og:image:type\" content=\"image\/png\" \/>\n<meta name=\"twitter:card\" content=\"summary_large_image\" \/>\n<meta name=\"twitter:site\" content=\"@dinastycoin\" \/>\n<meta name=\"twitter:label1\" content=\"Est. reading time\" \/>\n\t<meta name=\"twitter:data1\" content=\"4 minutes\" \/>\n<script type=\"application\/ld+json\" class=\"yoast-schema-graph\">{\"@context\":\"https:\\\/\\\/schema.org\",\"@graph\":[{\"@type\":\"WebPage\",\"@id\":\"https:\\\/\\\/entedinastycoinclub.org\\\/attivita-giornaliere-del-team-tecnico\\\/\",\"url\":\"https:\\\/\\\/entedinastycoinclub.org\\\/attivita-giornaliere-del-team-tecnico\\\/\",\"name\":\"Attivit\u00e0 Giornaliere del team tecnico - Dinastycoin Club\",\"isPartOf\":{\"@id\":\"https:\\\/\\\/entedinastycoinclub.org\\\/#website\"},\"datePublished\":\"2025-12-29T12:44:25+00:00\",\"dateModified\":\"2026-01-02T15:00:14+00:00\",\"breadcrumb\":{\"@id\":\"https:\\\/\\\/entedinastycoinclub.org\\\/attivita-giornaliere-del-team-tecnico\\\/#breadcrumb\"},\"inLanguage\":\"en-GB\",\"potentialAction\":[{\"@type\":\"ReadAction\",\"target\":[\"https:\\\/\\\/entedinastycoinclub.org\\\/attivita-giornaliere-del-team-tecnico\\\/\"]}]},{\"@type\":\"BreadcrumbList\",\"@id\":\"https:\\\/\\\/entedinastycoinclub.org\\\/attivita-giornaliere-del-team-tecnico\\\/#breadcrumb\",\"itemListElement\":[{\"@type\":\"ListItem\",\"position\":1,\"name\":\"Home\",\"item\":\"https:\\\/\\\/entedinastycoinclub.org\\\/\"},{\"@type\":\"ListItem\",\"position\":2,\"name\":\"Attivit\u00e0 Giornaliere del team tecnico\"}]},{\"@type\":\"WebSite\",\"@id\":\"https:\\\/\\\/entedinastycoinclub.org\\\/#website\",\"url\":\"https:\\\/\\\/entedinastycoinclub.org\\\/\",\"name\":\"Ente Dinastycoin club\",\"description\":\"Un nuovo sistema di pagamento etico deflazionabile fuodi dall&#039;euro\",\"publisher\":{\"@id\":\"https:\\\/\\\/entedinastycoinclub.org\\\/#organization\"},\"potentialAction\":[{\"@type\":\"SearchAction\",\"target\":{\"@type\":\"EntryPoint\",\"urlTemplate\":\"https:\\\/\\\/entedinastycoinclub.org\\\/?s={search_term_string}\"},\"query-input\":{\"@type\":\"PropertyValueSpecification\",\"valueRequired\":true,\"valueName\":\"search_term_string\"}}],\"inLanguage\":\"en-GB\"},{\"@type\":\"Organization\",\"@id\":\"https:\\\/\\\/entedinastycoinclub.org\\\/#organization\",\"name\":\"Ente Dinastycoin club\",\"url\":\"https:\\\/\\\/entedinastycoinclub.org\\\/\",\"logo\":{\"@type\":\"ImageObject\",\"inLanguage\":\"en-GB\",\"@id\":\"https:\\\/\\\/entedinastycoinclub.org\\\/#\\\/schema\\\/logo\\\/image\\\/\",\"url\":\"https:\\\/\\\/entedinastycoinclub.org\\\/wp-content\\\/uploads\\\/2024\\\/03\\\/dcycoinclubtrust.png\",\"contentUrl\":\"https:\\\/\\\/entedinastycoinclub.org\\\/wp-content\\\/uploads\\\/2024\\\/03\\\/dcycoinclubtrust.png\",\"width\":500,\"height\":199,\"caption\":\"Ente Dinastycoin club\"},\"image\":{\"@id\":\"https:\\\/\\\/entedinastycoinclub.org\\\/#\\\/schema\\\/logo\\\/image\\\/\"},\"sameAs\":[\"https:\\\/\\\/facebook.com\\\/dinastycoin\",\"https:\\\/\\\/x.com\\\/dinastycoin\",\"https:\\\/\\\/mastodon.social\\\/@dinastycoinclub\",\"https:\\\/\\\/instagram.com\\\/dinastycoinofficial\"],\"description\":\"Il modo pi\u00f9 semplice di pagare e ricevere denaro Semplifica la tua vita finanziaria con pochi semplici passaggi e goditi la tranquillit\u00e0 di sapere che ogni transazione \u00e8 protetta. Semplifica la tua vita finanziaria con pochi semplici passaggi e goditi la tranquillit\u00e0 di sapere che ogni transazione \u00e8 protetta. entra in un circuito economico etico deflazionabile e alternativo all'euro\",\"email\":\"admin@dinastycoin.club\",\"legalName\":\"ente dinastycoin club\",\"foundingDate\":\"2024-01-01\",\"actionableFeedbackPolicy\":\"https:\\\/\\\/entedinastycoinclub.org\\\/en\\\/?page_id=9110\",\"correctionsPolicy\":\"https:\\\/\\\/entedinastycoinclub.org\\\/en\\\/?page_id=9110\"}]}<\/script>\n<!-- \/ Yoast SEO Premium plugin. -->","yoast_head_json":{"title":"Attivit\u00e0 Giornaliere del team tecnico - Dinastycoin Club","robots":{"index":"index","follow":"follow","max-snippet":"max-snippet:-1","max-image-preview":"max-image-preview:large","max-video-preview":"max-video-preview:-1"},"canonical":"https:\/\/entedinastycoinclub.org\/en\/attivita-giornaliere-del-team-tecnico\/","og_locale":"en_GB","og_type":"article","og_title":"Attivit\u00e0 Giornaliere del team tecnico","og_description":"Gennaio-28 Dicembre 2025 &#8211; Dicembre 2025 &#8211; Gennaio 2026 &#8211; febbraio 2026 &#8211; Marzo 2026 Periodo Descrizione attivit\u00e0 operatore 1 gennaio\/28 Dicembre 2026 Progettazione e sviluppo del nuovo sito di ecommerce dinastycoin.club &#8211; Ristrutturazione del sito entedinastycoin.club &#8211; aggiornamento del sito Dinastycoin.com . Chiusura definitiva del sito dinastyoffreedom.com &#8211; progettazione [&hellip;]","og_url":"https:\/\/entedinastycoinclub.org\/en\/attivita-giornaliere-del-team-tecnico\/","og_site_name":"Dinastycoin Club","article_publisher":"https:\/\/facebook.com\/dinastycoin","article_modified_time":"2026-01-02T15:00:14+00:00","og_image":[{"width":1080,"height":1080,"url":"https:\/\/entedinastycoinclub.org\/wp-content\/uploads\/2024\/08\/mail-thumbnail.png","type":"image\/png"}],"twitter_card":"summary_large_image","twitter_site":"@dinastycoin","twitter_misc":{"Est. reading time":"4 minutes"},"schema":{"@context":"https:\/\/schema.org","@graph":[{"@type":"WebPage","@id":"https:\/\/entedinastycoinclub.org\/attivita-giornaliere-del-team-tecnico\/","url":"https:\/\/entedinastycoinclub.org\/attivita-giornaliere-del-team-tecnico\/","name":"Attivit\u00e0 Giornaliere del team tecnico - Dinastycoin Club","isPartOf":{"@id":"https:\/\/entedinastycoinclub.org\/#website"},"datePublished":"2025-12-29T12:44:25+00:00","dateModified":"2026-01-02T15:00:14+00:00","breadcrumb":{"@id":"https:\/\/entedinastycoinclub.org\/attivita-giornaliere-del-team-tecnico\/#breadcrumb"},"inLanguage":"en-GB","potentialAction":[{"@type":"ReadAction","target":["https:\/\/entedinastycoinclub.org\/attivita-giornaliere-del-team-tecnico\/"]}]},{"@type":"BreadcrumbList","@id":"https:\/\/entedinastycoinclub.org\/attivita-giornaliere-del-team-tecnico\/#breadcrumb","itemListElement":[{"@type":"ListItem","position":1,"name":"Home","item":"https:\/\/entedinastycoinclub.org\/"},{"@type":"ListItem","position":2,"name":"Attivit\u00e0 Giornaliere del team tecnico"}]},{"@type":"WebSite","@id":"https:\/\/entedinastycoinclub.org\/#website","url":"https:\/\/entedinastycoinclub.org\/","name":"Ente Dinastycoin club","description":"Un nuovo sistema di pagamento etico deflazionabile fuodi dall&#039;euro","publisher":{"@id":"https:\/\/entedinastycoinclub.org\/#organization"},"potentialAction":[{"@type":"SearchAction","target":{"@type":"EntryPoint","urlTemplate":"https:\/\/entedinastycoinclub.org\/?s={search_term_string}"},"query-input":{"@type":"PropertyValueSpecification","valueRequired":true,"valueName":"search_term_string"}}],"inLanguage":"en-GB"},{"@type":"Organization","@id":"https:\/\/entedinastycoinclub.org\/#organization","name":"Ente Dinastycoin club","url":"https:\/\/entedinastycoinclub.org\/","logo":{"@type":"ImageObject","inLanguage":"en-GB","@id":"https:\/\/entedinastycoinclub.org\/#\/schema\/logo\/image\/","url":"https:\/\/entedinastycoinclub.org\/wp-content\/uploads\/2024\/03\/dcycoinclubtrust.png","contentUrl":"https:\/\/entedinastycoinclub.org\/wp-content\/uploads\/2024\/03\/dcycoinclubtrust.png","width":500,"height":199,"caption":"Ente Dinastycoin club"},"image":{"@id":"https:\/\/entedinastycoinclub.org\/#\/schema\/logo\/image\/"},"sameAs":["https:\/\/facebook.com\/dinastycoin","https:\/\/x.com\/dinastycoin","https:\/\/mastodon.social\/@dinastycoinclub","https:\/\/instagram.com\/dinastycoinofficial"],"description":"Il modo pi\u00f9 semplice di pagare e ricevere denaro Semplifica la tua vita finanziaria con pochi semplici passaggi e goditi la tranquillit\u00e0 di sapere che ogni transazione \u00e8 protetta. Semplifica la tua vita finanziaria con pochi semplici passaggi e goditi la tranquillit\u00e0 di sapere che ogni transazione \u00e8 protetta. entra in un circuito economico etico deflazionabile e alternativo all'euro","email":"admin@dinastycoin.club","legalName":"ente dinastycoin club","foundingDate":"2024-01-01","actionableFeedbackPolicy":"https:\/\/entedinastycoinclub.org\/en\/?page_id=9110","correctionsPolicy":"https:\/\/entedinastycoinclub.org\/en\/?page_id=9110"}]}},"brizy_media":[],"_links":{"self":[{"href":"https:\/\/entedinastycoinclub.org\/en\/wp-json\/wp\/v2\/pages\/11580","targetHints":{"allow":["GET"]}}],"collection":[{"href":"https:\/\/entedinastycoinclub.org\/en\/wp-json\/wp\/v2\/pages"}],"about":[{"href":"https:\/\/entedinastycoinclub.org\/en\/wp-json\/wp\/v2\/types\/page"}],"author":[{"embeddable":true,"href":"https:\/\/entedinastycoinclub.org\/en\/wp-json\/wp\/v2\/users\/1"}],"replies":[{"embeddable":true,"href":"https:\/\/entedinastycoinclub.org\/en\/wp-json\/wp\/v2\/comments?post=11580"}],"version-history":[{"count":4,"href":"https:\/\/entedinastycoinclub.org\/en\/wp-json\/wp\/v2\/pages\/11580\/revisions"}],"predecessor-version":[{"id":11644,"href":"https:\/\/entedinastycoinclub.org\/en\/wp-json\/wp\/v2\/pages\/11580\/revisions\/11644"}],"wp:attachment":[{"href":"https:\/\/entedinastycoinclub.org\/en\/wp-json\/wp\/v2\/media?parent=11580"}],"curies":[{"name":"wp","href":"https:\/\/api.w.org\/{rel}","templated":true}]}}